{"id":2917,"date":"2014-05-31T22:58:56","date_gmt":"2014-05-31T21:58:56","guid":{"rendered":"http:\/\/www.hvsystem.cz\/?page_id=2917"},"modified":"2017-04-25T18:31:00","modified_gmt":"2017-04-25T17:31:00","slug":"uvod","status":"publish","type":"page","link":"https:\/\/www.hvsystem.cz\/","title":{"rendered":"\u00davod"},"content":{"rendered":"<p><div><\/div> HV System plus s.r.o. je mladou perspektivn\u00ed stavebn\u00ed spole\u010dnost\u00ed zam\u011b\u0159uj\u00edc\u00ed se na <strong>komplexn\u00ed realizaci stavebn\u00edch zak\u00e1zek<\/strong> od drobn\u00fdch stavebn\u00edch prac\u00ed, v\u00fdstavby rodinn\u00fdch dom\u016f na kl\u00ed\u010d, a\u017e po regenerace bytov\u00fdch dom\u016f a ve\u0159ejn\u00fdch budov.<\/p>\n<div id=\"attachment_3888\" style=\"width: 404px\" class=\"wp-caption alignright\"><a href=\"https:\/\/www.hvsystem.cz\/wp-content\/uploads\/2014\/05\/Oknoplast_Prolux-ad-angolo_FINAL.jpg\"><img loading=\"lazy\" decoding=\"async\" aria-describedby=\"caption-attachment-3888\" class=\"wp-image-3888\" src=\"https:\/\/www.hvsystem.cz\/wp-content\/uploads\/2014\/05\/Oknoplast_Prolux-ad-angolo_FINAL-1024x725.jpg\" alt=\"\" width=\"394\" height=\"279\" srcset=\"https:\/\/www.hvsystem.cz\/wp-content\/uploads\/2014\/05\/Oknoplast_Prolux-ad-angolo_FINAL-1024x725.jpg 1024w, https:\/\/www.hvsystem.cz\/wp-content\/uploads\/2014\/05\/Oknoplast_Prolux-ad-angolo_FINAL-300x212.jpg 300w, https:\/\/www.hvsystem.cz\/wp-content\/uploads\/2014\/05\/Oknoplast_Prolux-ad-angolo_FINAL-150x106.jpg 150w, https:\/\/www.hvsystem.cz\/wp-content\/uploads\/2014\/05\/Oknoplast_Prolux-ad-angolo_FINAL.jpg 1600w\" sizes=\"(max-width: 394px) 100vw, 394px\" \/><\/a><p id=\"caption-attachment-3888\" class=\"wp-caption-text\">Okna PROLUX<\/p><\/div>\n<p>Krom\u011b vlastn\u00ed realizace zak\u00e1zek zaji\u0161\u0165ujeme <strong>pln\u00fd servis<\/strong> p\u0159i <strong>zaji\u0161\u0165ov\u00e1n\u00ed a zpracov\u00e1n\u00ed v\u0161ech dokument\u016f<\/strong> pot\u0159ebn\u00fdch k\u00a0<strong>zah\u00e1jen\u00ed v\u00fdstavby \u010di revitalizace rodinn\u00fdch a bytov\u00fdch dom\u016f \u00a0 \u00a0 \u00a0\u00a0<\/strong>(tj. stavebn\u011b-technick\u00e9 posouzen\u00ed objektu, zpracov\u00e1n\u00ed projektov\u00e9 dokumentace, energetick\u00fdch audit\u016f, PENB, vy\u0159\u00edzen\u00ed stavebn\u00edho povolen\u00ed a dotac\u00ed).<\/p>\n<p>Kdykoli n\u00e1s m\u016f\u017eete kontaktovat a vyu\u017e\u00edt na\u0161\u00ed nez\u00e1vazn\u00e9 konzultace k\u00a0posouzen\u00ed Va\u0161eho z\u00e1m\u011bru a zpracov\u00e1n\u00ed orienta\u010dn\u00ed cenov\u00e9 nab\u00eddky.<\/p>\n<p>Nab\u00edzen\u00e9 pr\u00e1ce:<\/p>\n<ul>\n<li>zateplov\u00e1n\u00ed rodinn\u00fdch a bytov\u00fdch dom\u016f,<\/li>\n<li>oprava a n\u00e1t\u011br fas\u00e1dy rodinn\u00fdch a bytov\u00fdch dom\u016f,<\/li>\n<li>sanace a opravy st\u00e1vaj\u00edc\u00edch balk\u00f3n\u016f a lod\u017ei\u00ed,<\/li>\n<li>oprava st\u0159ech, klemp\u00ed\u0159sk\u00e9 pr\u00e1ce,<\/li>\n<li>rekonstrukce bytov\u00fdch jader,<\/li>\n<li>p\u016fdn\u00ed vestavby a st\u0159e\u0161n\u00ed n\u00e1stavby,<\/li>\n<li>v\u00fdstavby rodinn\u00fdch dom\u016f \u201ena kl\u00ed\u010d\u201c<\/li>\n<li>v\u00fdm\u011bna a instalace vnit\u0159n\u00edch rozvod\u016f \u2013 voda, topen\u00ed, plyn, elektroinstalace<\/li>\n<\/ul>\n","protected":false},"excerpt":{"rendered":"<p>HV System plus s.r.o. je mladou perspektivn\u00ed stavebn\u00ed spole\u010dnost\u00ed zam\u011b\u0159uj\u00edc\u00ed se na komplexn\u00ed realizaci stavebn\u00edch zak\u00e1zek od drobn\u00fdch stavebn\u00edch prac\u00ed, v\u00fdstavby rodinn\u00fdch dom\u016f na kl\u00ed\u010d, [&hellip;]<\/p>\n","protected":false},"author":1,"featured_media":0,"parent":0,"menu_order":0,"comment_status":"open","ping_status":"open","template":"","meta":{"footnotes":""},"_links":{"self":[{"href":"https:\/\/www.hvsystem.cz\/index.php?rest_route=\/wp\/v2\/pages\/2917"}],"collection":[{"href":"https:\/\/www.hvsystem.cz\/index.php?rest_route=\/wp\/v2\/pages"}],"about":[{"href":"https:\/\/www.hvsystem.cz\/index.php?rest_route=\/wp\/v2\/types\/page"}],"author":[{"embeddable":true,"href":"https:\/\/www.hvsystem.cz\/index.php?rest_route=\/wp\/v2\/users\/1"}],"replies":[{"embeddable":true,"href":"https:\/\/www.hvsystem.cz\/index.php?rest_route=%2Fwp%2Fv2%2Fcomments&post=2917"}],"version-history":[{"count":107,"href":"https:\/\/www.hvsystem.cz\/index.php?rest_route=\/wp\/v2\/pages\/2917\/revisions"}],"predecessor-version":[{"id":3890,"href":"https:\/\/www.hvsystem.cz\/index.php?rest_route=\/wp\/v2\/pages\/2917\/revisions\/3890"}],"wp:attachment":[{"href":"https:\/\/www.hvsystem.cz\/index.php?rest_route=%2Fwp%2Fv2%2Fmedia&parent=2917"}],"curies":[{"name":"wp","href":"https:\/\/api.w.org\/{rel}","templated":true}]}}