{"id":3108,"date":"2014-06-02T21:44:37","date_gmt":"2014-06-02T20:44:37","guid":{"rendered":"http:\/\/www.hvsystem.cz\/?page_id=3108"},"modified":"2015-09-22T09:59:27","modified_gmt":"2015-09-22T08:59:27","slug":"revitalizace","status":"publish","type":"page","link":"https:\/\/www.hvsystem.cz\/?page_id=3108","title":{"rendered":"Revitalizace"},"content":{"rendered":"<p><a href=\"https:\/\/www.hvsystem.cz\/wp-content\/uploads\/2015\/09\/12046634_462131883957714_4678435233717368376_n.jpg\"><img loading=\"lazy\" decoding=\"async\" class=\"alignleft size-full wp-image-3138\" src=\"https:\/\/www.hvsystem.cz\/wp-content\/uploads\/2015\/09\/12046634_462131883957714_4678435233717368376_n.jpg\" alt=\"12046634_462131883957714_4678435233717368376_n\" width=\"720\" height=\"960\" srcset=\"https:\/\/www.hvsystem.cz\/wp-content\/uploads\/2015\/09\/12046634_462131883957714_4678435233717368376_n.jpg 720w, https:\/\/www.hvsystem.cz\/wp-content\/uploads\/2015\/09\/12046634_462131883957714_4678435233717368376_n-225x300.jpg 225w, https:\/\/www.hvsystem.cz\/wp-content\/uploads\/2015\/09\/12046634_462131883957714_4678435233717368376_n-300x400.jpg 300w, https:\/\/www.hvsystem.cz\/wp-content\/uploads\/2015\/09\/12046634_462131883957714_4678435233717368376_n-150x200.jpg 150w\" sizes=\"(max-width: 720px) 100vw, 720px\" \/><\/a><\/p>\n<p><strong><span style=\"color: #993366;\">Co je na revitalizaci panelov\u00fdch dom\u016f nejlep\u0161\u00ed?<\/span><\/strong><br \/>\nProdlu\u017euje \u017eivotnost stavby o 20\u201330 let<br \/>\nSni\u017euje n\u00e1klady na vyt\u00e1p\u011bn\u00ed a\u017e o 40 %<br \/>\nZlep\u0161uje technick\u00fd stav nemovitosti<br \/>\nP\u0159isp\u00edv\u00e1 ke komfortn\u00edmu bydlen\u00ed<br \/>\nZvy\u0161uje tr\u017en\u00ed hodnotu byt\u016f<br \/>\nO\u017eivuje fas\u00e1du domu<br \/>\n<span style=\"color: #993366;\"><strong>V\u011bd\u011bli jste, \u017ee:<\/strong><\/span><br \/>\n\u017eivotnost panelov\u00fdch dom\u016f byla pl\u00e1nov\u00e1na na 30\u201340 let? Po uplynut\u00ed t\u00e9to doby se po\u010d\u00edtalo s jejich p\u0159estavbou nebo demolic\u00ed. V sou\u010dasn\u00e9 dob\u011b je takto ohro\u017eeno cca 1,5 mili\u00f3nu byt\u016f, kter\u00e9 pot\u0159ebuj\u00ed opravit.<br \/>\nJak\u00e9 slu\u017eby mohou b\u00fdt sou\u010d\u00e1st\u00ed revitalizace?<br \/>\nZateplen\u00ed vn\u011bj\u0161\u00edho pl\u00e1\u0161t\u011b panelov\u00e9ho domu<br \/>\nRekonstrukce st\u0159echy v\u010detn\u011b zateplen\u00ed<br \/>\nV\u00fdm\u011bna okenn\u00edch a dve\u0159n\u00edch v\u00fdpln\u00ed<br \/>\nRevitalizace lod\u017ei\u00ed nebo balk\u00f3n\u016f<br \/>\nV\u00fdstavba p\u0159edsazen\u00fdch lod\u017ei\u00ed<br \/>\nHydroizolace spodn\u00ed stavby<br \/>\nRekonstrukce vstup\u016f, elektroinstalace, vzduchotechniky, vody, plynu<br \/>\nP\u0159esn\u00fd rozsah a postup revitalizace v\u00e1m sestav\u00edme na m\u00edru. Pou\u017e\u00edv\u00e1me certifikovan\u00e9 zateplovac\u00ed syst\u00e9my (Baumit, Terranova, Caparol, Envart a dal\u0161\u00ed), kter\u00e9 nab\u00edz\u00ed nadpr\u016fm\u011brn\u00e9 tepeln\u011b-izola\u010dn\u00ed schopnosti. St\u0159echy zateplujeme m\u011bk\u010den\u00fdm PVC, f\u00f3li\u00ed EPDM nebo modifikovan\u00fdm asfaltov\u00fdm p\u00e1sem.<\/p>\n","protected":false},"excerpt":{"rendered":"<p>Co je na revitalizaci panelov\u00fdch dom\u016f nejlep\u0161\u00ed? Prodlu\u017euje \u017eivotnost stavby o 20\u201330 let Sni\u017euje n\u00e1klady na vyt\u00e1p\u011bn\u00ed a\u017e o 40 % Zlep\u0161uje technick\u00fd stav nemovitosti [&hellip;]<\/p>\n","protected":false},"author":1,"featured_media":0,"parent":0,"menu_order":0,"comment_status":"open","ping_status":"open","template":"","meta":{"footnotes":""},"_links":{"self":[{"href":"https:\/\/www.hvsystem.cz\/index.php?rest_route=\/wp\/v2\/pages\/3108"}],"collection":[{"href":"https:\/\/www.hvsystem.cz\/index.php?rest_route=\/wp\/v2\/pages"}],"about":[{"href":"https:\/\/www.hvsystem.cz\/index.php?rest_route=\/wp\/v2\/types\/page"}],"author":[{"embeddable":true,"href":"https:\/\/www.hvsystem.cz\/index.php?rest_route=\/wp\/v2\/users\/1"}],"replies":[{"embeddable":true,"href":"https:\/\/www.hvsystem.cz\/index.php?rest_route=%2Fwp%2Fv2%2Fcomments&post=3108"}],"version-history":[{"count":3,"href":"https:\/\/www.hvsystem.cz\/index.php?rest_route=\/wp\/v2\/pages\/3108\/revisions"}],"predecessor-version":[{"id":3144,"href":"https:\/\/www.hvsystem.cz\/index.php?rest_route=\/wp\/v2\/pages\/3108\/revisions\/3144"}],"wp:attachment":[{"href":"https:\/\/www.hvsystem.cz\/index.php?rest_route=%2Fwp%2Fv2%2Fmedia&parent=3108"}],"curies":[{"name":"wp","href":"https:\/\/api.w.org\/{rel}","templated":true}]}}