{"id":3126,"date":"2015-09-22T09:21:08","date_gmt":"2015-09-22T08:21:08","guid":{"rendered":"http:\/\/www.hvsystem.cz\/?page_id=3126"},"modified":"2015-10-20T21:31:43","modified_gmt":"2015-10-20T20:31:43","slug":"reference","status":"publish","type":"page","link":"https:\/\/www.hvsystem.cz\/?page_id=3126","title":{"rendered":"Reference"},"content":{"rendered":"<div id=\"attachment_3141\" style=\"width: 160px\" class=\"wp-caption alignleft\"><a href=\"https:\/\/www.hvsystem.cz\/wp-content\/uploads\/2015\/09\/12038179_461752877328948_782998067683226745_n.jpg\"><img loading=\"lazy\" decoding=\"async\" aria-describedby=\"caption-attachment-3141\" class=\"wp-image-3141 size-thumbnail\" src=\"https:\/\/www.hvsystem.cz\/wp-content\/uploads\/2015\/09\/12038179_461752877328948_782998067683226745_n-150x150.jpg\" alt=\"Brno ul. Tome\u0161ova\" width=\"150\" height=\"150\" \/><\/a><p id=\"caption-attachment-3141\" class=\"wp-caption-text\">BD ul. TOME\u0160OVA 1 A 1a, BRNO Proveden\u00e9 pr\u00e1ce: oprava st\u0159echy, fas\u00e1dy, oken, v\u00fdmalba vnit\u0159n\u00edch prostor<\/p><\/div>\n<div id=\"attachment_3140\" style=\"width: 160px\" class=\"wp-caption alignleft\"><a href=\"https:\/\/www.hvsystem.cz\/wp-content\/uploads\/2015\/09\/12039334_461750700662499_2883770826319741133_n.jpg\"><img loading=\"lazy\" decoding=\"async\" aria-describedby=\"caption-attachment-3140\" class=\"wp-image-3140 size-thumbnail\" src=\"https:\/\/www.hvsystem.cz\/wp-content\/uploads\/2015\/09\/12039334_461750700662499_2883770826319741133_n-150x150.jpg\" alt=\"Brno - ul. Tome\u0161ova\" width=\"150\" height=\"150\" \/><\/a><p id=\"caption-attachment-3140\" class=\"wp-caption-text\">BD ul. TOME\u0160OVA 1 A 1a, BRNO Proveden\u00e9 pr\u00e1ce: oprava st\u0159echy, fas\u00e1dy, oken, v\u00fdmalba vnit\u0159n\u00edch prostor<\/p><\/div>\n<div id=\"attachment_3139\" style=\"width: 160px\" class=\"wp-caption alignleft\"><a href=\"https:\/\/www.hvsystem.cz\/wp-content\/uploads\/2015\/09\/12003947_461745987329637_7175447258218679194_n.jpg\"><img loading=\"lazy\" decoding=\"async\" aria-describedby=\"caption-attachment-3139\" class=\"wp-image-3139 size-thumbnail\" src=\"https:\/\/www.hvsystem.cz\/wp-content\/uploads\/2015\/09\/12003947_461745987329637_7175447258218679194_n-150x150.jpg\" alt=\"Brno ul. Tome\u0161ova\" width=\"150\" height=\"150\" \/><\/a><p id=\"caption-attachment-3139\" class=\"wp-caption-text\">BD ul. TOME\u0160OVA 1 A 1a, BRNO Proveden\u00e9 pr\u00e1ce: oprava st\u0159echy, fas\u00e1dy, oken, v\u00fdmalba vnit\u0159n\u00edch prostor<\/p><\/div>\n<div id=\"attachment_3129\" style=\"width: 160px\" class=\"wp-caption alignleft\"><a href=\"https:\/\/www.hvsystem.cz\/wp-content\/uploads\/2015\/09\/12009743_462097190627850_5612801002876244493_n.jpg\"><img loading=\"lazy\" decoding=\"async\" aria-describedby=\"caption-attachment-3129\" class=\"wp-image-3129 size-thumbnail\" src=\"https:\/\/www.hvsystem.cz\/wp-content\/uploads\/2015\/09\/12009743_462097190627850_5612801002876244493_n-150x150.jpg\" alt=\"BD ul. VLTAVSK\u00c1 13\" width=\"150\" height=\"150\" \/><\/a><p id=\"caption-attachment-3129\" class=\"wp-caption-text\">BD ul. VLTAVSK\u00c1 13, BRNO Proveden\u00e9 pr\u00e1ce: Zapraven\u00ed a v\u00fdmalba spole\u010dn\u00fdch prostor domu<\/p><\/div>\n<div id=\"attachment_3138\" style=\"width: 160px\" class=\"wp-caption alignleft\"><a href=\"https:\/\/www.hvsystem.cz\/wp-content\/uploads\/2015\/09\/12046634_462131883957714_4678435233717368376_n.jpg\"><img loading=\"lazy\" decoding=\"async\" aria-describedby=\"caption-attachment-3138\" class=\"wp-image-3138 size-thumbnail\" src=\"https:\/\/www.hvsystem.cz\/wp-content\/uploads\/2015\/09\/12046634_462131883957714_4678435233717368376_n-150x150.jpg\" alt=\"Brno ul. Vltavsk\u00e1\" width=\"150\" height=\"150\" \/><\/a><p id=\"caption-attachment-3138\" class=\"wp-caption-text\">BD ul. VLTAVSK\u00c1 13, BRNO Proveden\u00e9 pr\u00e1ce: Zapraven\u00ed a v\u00fdmalba spole\u010dn\u00fdch prostor domu<\/p><\/div>\n<div id=\"attachment_3130\" style=\"width: 160px\" class=\"wp-caption alignleft\"><a href=\"https:\/\/www.hvsystem.cz\/wp-content\/uploads\/2015\/09\/12039182_462099733960929_4439869106726042504_n.jpg\"><img loading=\"lazy\" decoding=\"async\" aria-describedby=\"caption-attachment-3130\" class=\"wp-image-3130 size-thumbnail\" src=\"https:\/\/www.hvsystem.cz\/wp-content\/uploads\/2015\/09\/12039182_462099733960929_4439869106726042504_n-150x150.jpg\" alt=\"BD ul. VLTAVSK\u00c1 13, BRNO KOTELNA (drobn\u00e9 zapraven\u00ed st\u011bn a jejich v\u00fdmalba v\u010d. stropu, o\u010di\u0161t\u011bn\u00ed potrub\u00ed a kotle, st\u011brka a n\u00e1t\u011br podlahy)\" width=\"150\" height=\"150\" \/><\/a><p id=\"caption-attachment-3130\" class=\"wp-caption-text\">BD ul. VLTAVSK\u00c1 13, BRNO KOTELNA (drobn\u00e9 zapraven\u00ed st\u011bn a jejich v\u00fdmalba v\u010d. stropu, o\u010di\u0161t\u011bn\u00ed potrub\u00ed a kotle, st\u011brka a n\u00e1t\u011br podlahy)<\/p><\/div>\n<div id=\"attachment_3131\" style=\"width: 160px\" class=\"wp-caption alignleft\"><a href=\"https:\/\/www.hvsystem.cz\/wp-content\/uploads\/2015\/09\/12002358_462112343959668_1631112317822047843_o.jpg\"><img loading=\"lazy\" decoding=\"async\" aria-describedby=\"caption-attachment-3131\" class=\"wp-image-3131 size-thumbnail\" src=\"https:\/\/www.hvsystem.cz\/wp-content\/uploads\/2015\/09\/12002358_462112343959668_1631112317822047843_o-150x150.jpg\" alt=\"BD ul. VLTAVSK\u00c1 13, BRNO KOTELNA (drobn\u00e9 zapraven\u00ed st\u011bn a jejich v\u00fdmalba v\u010d. stropu, o\u010di\u0161t\u011bn\u00ed potrub\u00ed a kotle, st\u011brka a n\u00e1t\u011br podlahy)\" width=\"150\" height=\"150\" \/><\/a><p id=\"caption-attachment-3131\" class=\"wp-caption-text\">BD ul. VLTAVSK\u00c1 13, BRNO KOTELNA (drobn\u00e9 zapraven\u00ed st\u011bn a jejich v\u00fdmalba v\u010d. stropu, o\u010di\u0161t\u011bn\u00ed potrub\u00ed a kotle, st\u011brka a n\u00e1t\u011br podlahy)<\/p><\/div>\n<div id=\"attachment_3201\" style=\"width: 160px\" class=\"wp-caption alignleft\"><a href=\"https:\/\/www.hvsystem.cz\/wp-content\/uploads\/2015\/09\/12068511_467341953436707_56211270872898254_o.jpg\"><img loading=\"lazy\" decoding=\"async\" aria-describedby=\"caption-attachment-3201\" class=\"wp-image-3201 size-thumbnail\" src=\"https:\/\/www.hvsystem.cz\/wp-content\/uploads\/2015\/09\/12068511_467341953436707_56211270872898254_o-150x150.jpg\" alt=\"BD ul. PLEVOVA 3, Brno -oprava a n\u00e1t\u011br klemp\u00ed\u0159sk\u00fdch prvk\u016f, nov\u00e1 hydroizolace, oprava om\u00edtek vn\u011bj\u0161\u00edch st\u011bn fas\u00e1dy, penetrace a n\u00e1t\u011br fas\u00e1dy\" width=\"150\" height=\"150\" \/><\/a><p id=\"caption-attachment-3201\" class=\"wp-caption-text\">BD ul. PLEVOVA 3, Brno -oprava a n\u00e1t\u011br klemp\u00ed\u0159sk\u00fdch prvk\u016f, nov\u00e1 hydroizolace, oprava om\u00edtek vn\u011bj\u0161\u00edch st\u011bn fas\u00e1dy, penetrace a n\u00e1t\u011br fas\u00e1dy<\/p><\/div>\n<div id=\"attachment_3202\" style=\"width: 160px\" class=\"wp-caption alignleft\"><a href=\"https:\/\/www.hvsystem.cz\/wp-content\/uploads\/2015\/09\/12074715_467342016770034_2755099705304384582_n.jpg\"><img loading=\"lazy\" decoding=\"async\" aria-describedby=\"caption-attachment-3202\" class=\"wp-image-3202 size-thumbnail\" src=\"https:\/\/www.hvsystem.cz\/wp-content\/uploads\/2015\/09\/12074715_467342016770034_2755099705304384582_n-150x150.jpg\" alt=\"BD ul. PLEVOVA 3, Brno - oprava a n\u00e1t\u011br klemp\u00ed\u0159sk\u00fdch prvk\u016f, nov\u00e1 hydroizolace, oprava om\u00edtek vn\u011bj\u0161\u00edch st\u011bn fas\u00e1dy, penetrace a n\u00e1t\u011br fas\u00e1dy\" width=\"150\" height=\"150\" \/><\/a><p id=\"caption-attachment-3202\" class=\"wp-caption-text\">BD ul. PLEVOVA 3, Brno &#8211; oprava a n\u00e1t\u011br klemp\u00ed\u0159sk\u00fdch prvk\u016f, nov\u00e1 hydroizolace, oprava om\u00edtek vn\u011bj\u0161\u00edch st\u011bn fas\u00e1dy, penetrace a n\u00e1t\u011br fas\u00e1dy<\/p><\/div>\n<div id=\"attachment_3204\" style=\"width: 160px\" class=\"wp-caption alignleft\"><a href=\"https:\/\/www.hvsystem.cz\/wp-content\/uploads\/2015\/09\/12080145_467342500103319_6102358245365240364_o.jpg\"><img loading=\"lazy\" decoding=\"async\" aria-describedby=\"caption-attachment-3204\" class=\"wp-image-3204 size-thumbnail\" src=\"https:\/\/www.hvsystem.cz\/wp-content\/uploads\/2015\/09\/12080145_467342500103319_6102358245365240364_o-150x150.jpg\" alt=\"BD ul. PLEVOVA 3, Brno -oprava a n\u00e1t\u011br lod\u017ei\u00ed\" width=\"150\" height=\"150\" \/><\/a><p id=\"caption-attachment-3204\" class=\"wp-caption-text\">BD ul. PLEVOVA 3, Brno -oprava a n\u00e1t\u011br lod\u017ei\u00ed<\/p><\/div>\n<div id=\"attachment_3205\" style=\"width: 160px\" class=\"wp-caption alignleft\"><a href=\"https:\/\/www.hvsystem.cz\/wp-content\/uploads\/2015\/09\/12091283_467342313436671_3624884005734405495_o.jpg\"><img loading=\"lazy\" decoding=\"async\" aria-describedby=\"caption-attachment-3205\" class=\"wp-image-3205 size-thumbnail\" src=\"https:\/\/www.hvsystem.cz\/wp-content\/uploads\/2015\/09\/12091283_467342313436671_3624884005734405495_o-150x150.jpg\" alt=\"BD ul. PLEVOVA 3, Brno -oprava a n\u00e1t\u011br lod\u017ei\u00ed\" width=\"150\" height=\"150\" \/><\/a><p id=\"caption-attachment-3205\" class=\"wp-caption-text\">BD ul. PLEVOVA 3, Brno -oprava a n\u00e1t\u011br lod\u017ei\u00ed<\/p><\/div>\n<div id=\"attachment_3206\" style=\"width: 160px\" class=\"wp-caption alignleft\"><a href=\"https:\/\/www.hvsystem.cz\/wp-content\/uploads\/2015\/09\/12122454_467342220103347_8451837096164120289_n.jpg\"><img loading=\"lazy\" decoding=\"async\" aria-describedby=\"caption-attachment-3206\" class=\"wp-image-3206 size-thumbnail\" src=\"https:\/\/www.hvsystem.cz\/wp-content\/uploads\/2015\/09\/12122454_467342220103347_8451837096164120289_n-150x150.jpg\" alt=\"BD ul. PLEVOVA 3, Brno -oprava a n\u00e1t\u011br lod\u017ei\u00ed\" width=\"150\" height=\"150\" \/><\/a><p id=\"caption-attachment-3206\" class=\"wp-caption-text\">BD ul. PLEVOVA 3, Brno -oprava a n\u00e1t\u011br lod\u017ei\u00ed<\/p><\/div>\n<div id=\"attachment_3203\" style=\"width: 160px\" class=\"wp-caption alignleft\"><a href=\"https:\/\/www.hvsystem.cz\/wp-content\/uploads\/2015\/09\/12079597_467342366769999_7942244304705075030_n.jpg\"><img loading=\"lazy\" decoding=\"async\" aria-describedby=\"caption-attachment-3203\" class=\"wp-image-3203 size-thumbnail\" src=\"https:\/\/www.hvsystem.cz\/wp-content\/uploads\/2015\/09\/12079597_467342366769999_7942244304705075030_n-150x150.jpg\" alt=\"BD ul. PLEVOVA 3, Brno - oprava a n\u00e1t\u011br klemp\u00ed\u0159sk\u00fdch prvk\u016f, nov\u00e1 hydroizolace, oprava om\u00edtek vn\u011bj\u0161\u00edch st\u011bn fas\u00e1dy, penetrace a n\u00e1t\u011br fas\u00e1dy\" width=\"150\" height=\"150\" \/><\/a><p id=\"caption-attachment-3203\" class=\"wp-caption-text\">BD ul. PLEVOVA 3, Brno &#8211; oprava a n\u00e1t\u011br klemp\u00ed\u0159sk\u00fdch prvk\u016f, nov\u00e1 hydroizolace, oprava om\u00edtek vn\u011bj\u0161\u00edch st\u011bn fas\u00e1dy, penetrace a n\u00e1t\u011br fas\u00e1dy<\/p><\/div>\n","protected":false},"excerpt":{"rendered":"","protected":false},"author":1,"featured_media":0,"parent":0,"menu_order":0,"comment_status":"open","ping_status":"open","template":"","meta":{"footnotes":""},"_links":{"self":[{"href":"https:\/\/www.hvsystem.cz\/index.php?rest_route=\/wp\/v2\/pages\/3126"}],"collection":[{"href":"https:\/\/www.hvsystem.cz\/index.php?rest_route=\/wp\/v2\/pages"}],"about":[{"href":"https:\/\/www.hvsystem.cz\/index.php?rest_route=\/wp\/v2\/types\/page"}],"author":[{"embeddable":true,"href":"https:\/\/www.hvsystem.cz\/index.php?rest_route=\/wp\/v2\/users\/1"}],"replies":[{"embeddable":true,"href":"https:\/\/www.hvsystem.cz\/index.php?rest_route=%2Fwp%2Fv2%2Fcomments&post=3126"}],"version-history":[{"count":35,"href":"https:\/\/www.hvsystem.cz\/index.php?rest_route=\/wp\/v2\/pages\/3126\/revisions"}],"predecessor-version":[{"id":3301,"href":"https:\/\/www.hvsystem.cz\/index.php?rest_route=\/wp\/v2\/pages\/3126\/revisions\/3301"}],"wp:attachment":[{"href":"https:\/\/www.hvsystem.cz\/index.php?rest_route=%2Fwp%2Fv2%2Fmedia&parent=3126"}],"curies":[{"name":"wp","href":"https:\/\/api.w.org\/{rel}","templated":true}]}}