{"id":3232,"date":"2015-10-12T23:18:13","date_gmt":"2015-10-12T22:18:13","guid":{"rendered":"http:\/\/www.hvsystem.cz\/?page_id=3232"},"modified":"2015-10-20T20:37:09","modified_gmt":"2015-10-20T19:37:09","slug":"oprava-a-cisteni-fasady-vaseho-domu-2","status":"publish","type":"page","link":"https:\/\/www.hvsystem.cz\/?page_id=3232","title":{"rendered":"OPRAVA A \u010cI\u0160T\u011aN\u00cd FAS\u00c1DY VA\u0160EHO DOMU"},"content":{"rendered":"<p><strong><em>Fas\u00e1da domu\u00a0<\/em><\/strong>pln\u00ed mnoho nejr\u016fzn\u011bj\u0161\u00edch funkc\u00ed od estetick\u00e9 a energetick\u00e9 a\u017e po nejr\u016fzn\u011bj\u0161\u00ed druhy ochrany domu p\u0159ed pov\u011btrnostn\u00edmi vlivy a tak\u00e9 chr\u00e1n\u00ed d\u016fm p\u0159ed p\u0159\u00edpadn\u00fdm mechanick\u00fdm po\u0161kozen\u00edm.<\/p>\n<p>Jako v\u0161e, tak i <strong><em>fas\u00e1da m\u00e1 svou omezenou \u017eivotnost<\/em><\/strong>, a tak vlivem jej\u00edho dlouholet\u00e9ho vystaven\u00ed slunci, vod\u011b, v\u011btru, mrazu a vlhkosti doch\u00e1z\u00ed k\u00a0jej\u00edmu opot\u0159eben\u00ed a <strong><em>je nutn\u00e9 ji \u010dasem renovovat<\/em><\/strong>.<\/p>\n<p><strong><em>Doporu\u010den\u00e1 doba p\u0159et\u0159en\u00ed fas\u00e1dy <\/em><\/strong>domu je doporu\u010dov\u00e1na <strong><em>maxim\u00e1ln\u011b po 10 letech<\/em><\/strong>, pot\u00e9 doch\u00e1z\u00ed ke zkracov\u00e1n\u00ed \u017eivotnosti zateplovac\u00edho syst\u00e9mu a vzniku dal\u0161\u00edch probl\u00e9m\u016f s\u00a0fas\u00e1dou domu.<\/p>\n<p><a href=\"https:\/\/www.hvsystem.cz\/wp-content\/uploads\/2015\/10\/Untitled1.png\"><img loading=\"lazy\" decoding=\"async\" class=\"alignleft size-full wp-image-3198\" src=\"https:\/\/www.hvsystem.cz\/wp-content\/uploads\/2015\/10\/Untitled1.png\" alt=\"Untitled1\" width=\"165\" height=\"124\" srcset=\"https:\/\/www.hvsystem.cz\/wp-content\/uploads\/2015\/10\/Untitled1.png 165w, https:\/\/www.hvsystem.cz\/wp-content\/uploads\/2015\/10\/Untitled1-150x112.png 150w\" sizes=\"(max-width: 165px) 100vw, 165px\" \/><\/a>Na star\u0161\u00edch fas\u00e1d\u00e1ch, ale i nov\u011bj\u0161\u00edch, av\u0161ak po\u0161kozen\u00fdch, se <strong><em>mohou nav\u00edc objevit pl\u00edsn\u011b, \u0159asy \u010di mech.<\/em><\/strong> Nejen\u017ee takto po\u0161kozen\u00e9 fas\u00e1dy vypadaj\u00ed nevzhledn\u011b, ale tak\u00e9 naru\u0161uj\u00ed zdivo a jejich sp\u00f3ry v\u00a0ovzdu\u0161\u00ed mohou zp\u016fsobovat alergie a nemoci d\u00fdchac\u00edho \u00fastroj\u00ed. Proto je t\u0159eba pl\u00edsn\u011b z\u00a0fas\u00e1d <strong><em>zcela odstranit a preventivn\u011b zajistit<\/em><\/strong>, aby se toto napaden\u00ed neopakovalo.<\/p>\n<p>&nbsp;<\/p>\n<p>Stavebn\u00ed spole\u010dnost <strong>HV System plus s.r.o.<\/strong> V\u00e1m, za dobu sv\u00e9ho p\u016fsoben\u00ed a zku\u0161enost\u00ed v\u00a0oblasti <strong><em>rekonstrukc\u00ed a zateplov\u00e1n\u00ed fas\u00e1d rodinn\u00fdch a bytov\u00fdch dom\u016f<\/em><\/strong>, v\u010detn\u011b v\u00fdstavby nov\u00fdch rodinn\u00fdch dom\u016f, nab\u00edz\u00ed <strong><em>komplexn\u00ed opravy<\/em><\/strong> Va\u0161eho domu v\u00a0<strong><em>nejvy\u0161\u0161\u00ed kvalit\u011b s\u00a0maxim\u00e1ln\u00edm servisem<\/em><\/strong>.<\/p>\n<p>&nbsp;<\/p>\n<p>&nbsp;<\/p>\n<p><strong>Postup sanace fas\u00e1dy domu:<\/strong><\/p>\n<p>&nbsp;<\/p>\n<p>1. o\u010di\u0161t\u011bn\u00ed st\u00e1vaj\u00edc\u00ed fas\u00e1dy (mechanicky nebo tlakovou vodou WAP)<\/p>\n<p>2. sanace kontaminovan\u00e9ho povrchu specializovan\u00fdm roztokem \u2013 celoplo\u0161n\u011b<\/p>\n<p>3. penetrace<\/p>\n<p>4. n\u00e1t\u011br silikonovu om\u00edtkou<\/p>\n<p>&nbsp;<\/p>\n","protected":false},"excerpt":{"rendered":"<p>Fas\u00e1da domu\u00a0pln\u00ed mnoho nejr\u016fzn\u011bj\u0161\u00edch funkc\u00ed od estetick\u00e9 a energetick\u00e9 a\u017e po nejr\u016fzn\u011bj\u0161\u00ed druhy ochrany domu p\u0159ed pov\u011btrnostn\u00edmi vlivy a tak\u00e9 chr\u00e1n\u00ed d\u016fm p\u0159ed p\u0159\u00edpadn\u00fdm mechanick\u00fdm [&hellip;]<\/p>\n","protected":false},"author":1,"featured_media":0,"parent":0,"menu_order":0,"comment_status":"open","ping_status":"open","template":"","meta":{"footnotes":""},"_links":{"self":[{"href":"https:\/\/www.hvsystem.cz\/index.php?rest_route=\/wp\/v2\/pages\/3232"}],"collection":[{"href":"https:\/\/www.hvsystem.cz\/index.php?rest_route=\/wp\/v2\/pages"}],"about":[{"href":"https:\/\/www.hvsystem.cz\/index.php?rest_route=\/wp\/v2\/types\/page"}],"author":[{"embeddable":true,"href":"https:\/\/www.hvsystem.cz\/index.php?rest_route=\/wp\/v2\/users\/1"}],"replies":[{"embeddable":true,"href":"https:\/\/www.hvsystem.cz\/index.php?rest_route=%2Fwp%2Fv2%2Fcomments&post=3232"}],"version-history":[{"count":2,"href":"https:\/\/www.hvsystem.cz\/index.php?rest_route=\/wp\/v2\/pages\/3232\/revisions"}],"predecessor-version":[{"id":3267,"href":"https:\/\/www.hvsystem.cz\/index.php?rest_route=\/wp\/v2\/pages\/3232\/revisions\/3267"}],"wp:attachment":[{"href":"https:\/\/www.hvsystem.cz\/index.php?rest_route=%2Fwp%2Fv2%2Fmedia&parent=3232"}],"curies":[{"name":"wp","href":"https:\/\/api.w.org\/{rel}","templated":true}]}}