{"id":3245,"date":"2015-10-20T19:44:16","date_gmt":"2015-10-20T18:44:16","guid":{"rendered":"http:\/\/www.hvsystem.cz\/?page_id=3245"},"modified":"2015-10-20T23:23:48","modified_gmt":"2015-10-20T22:23:48","slug":"strechy","status":"publish","type":"page","link":"https:\/\/www.hvsystem.cz\/?page_id=3245","title":{"rendered":"St\u0159echy"},"content":{"rendered":"<p style=\"color: #444444;\"><a href=\"https:\/\/www.hvsystem.cz\/wp-content\/uploads\/2014\/05\/P7270594.jpg\"><img loading=\"lazy\" decoding=\"async\" class=\"aligncenter size-full wp-image-3226\" src=\"https:\/\/www.hvsystem.cz\/wp-content\/uploads\/2014\/05\/P7270594.jpg\" alt=\"OLYMPUS DIGITAL CAMERA\" width=\"1280\" height=\"960\" srcset=\"https:\/\/www.hvsystem.cz\/wp-content\/uploads\/2014\/05\/P7270594.jpg 1280w, https:\/\/www.hvsystem.cz\/wp-content\/uploads\/2014\/05\/P7270594-300x225.jpg 300w, https:\/\/www.hvsystem.cz\/wp-content\/uploads\/2014\/05\/P7270594-1024x768.jpg 1024w, https:\/\/www.hvsystem.cz\/wp-content\/uploads\/2014\/05\/P7270594-150x112.jpg 150w\" sizes=\"(max-width: 1280px) 100vw, 1280px\" \/><\/a><\/p>\n<p style=\"color: #444444;\">P\u0159em\u00fd\u0161l\u00edte o nov\u00e9 st\u0159e\u0161e? Hled\u00e1te spolehlivou firmu na rekonstrukci star\u00e9 st\u0159echy?<\/p>\n<p style=\"color: #444444;\">Kontaktujte n\u00e1s, ve\u0161ker\u00e9 kalkulace a nab\u00eddky prov\u00e1d\u00edme zdarma.<\/p>\n","protected":false},"excerpt":{"rendered":"<p>P\u0159em\u00fd\u0161l\u00edte o nov\u00e9 st\u0159e\u0161e? Hled\u00e1te spolehlivou firmu na rekonstrukci star\u00e9 st\u0159echy? Kontaktujte n\u00e1s, ve\u0161ker\u00e9 kalkulace a nab\u00eddky prov\u00e1d\u00edme zdarma.<\/p>\n","protected":false},"author":1,"featured_media":0,"parent":0,"menu_order":0,"comment_status":"open","ping_status":"open","template":"","meta":{"footnotes":""},"_links":{"self":[{"href":"https:\/\/www.hvsystem.cz\/index.php?rest_route=\/wp\/v2\/pages\/3245"}],"collection":[{"href":"https:\/\/www.hvsystem.cz\/index.php?rest_route=\/wp\/v2\/pages"}],"about":[{"href":"https:\/\/www.hvsystem.cz\/index.php?rest_route=\/wp\/v2\/types\/page"}],"author":[{"embeddable":true,"href":"https:\/\/www.hvsystem.cz\/index.php?rest_route=\/wp\/v2\/users\/1"}],"replies":[{"embeddable":true,"href":"https:\/\/www.hvsystem.cz\/index.php?rest_route=%2Fwp%2Fv2%2Fcomments&post=3245"}],"version-history":[{"count":3,"href":"https:\/\/www.hvsystem.cz\/index.php?rest_route=\/wp\/v2\/pages\/3245\/revisions"}],"predecessor-version":[{"id":3312,"href":"https:\/\/www.hvsystem.cz\/index.php?rest_route=\/wp\/v2\/pages\/3245\/revisions\/3312"}],"wp:attachment":[{"href":"https:\/\/www.hvsystem.cz\/index.php?rest_route=%2Fwp%2Fv2%2Fmedia&parent=3245"}],"curies":[{"name":"wp","href":"https:\/\/api.w.org\/{rel}","templated":true}]}}