{"id":3251,"date":"2015-10-20T19:53:08","date_gmt":"2015-10-20T18:53:08","guid":{"rendered":"http:\/\/www.hvsystem.cz\/?page_id=3251"},"modified":"2015-10-20T23:18:33","modified_gmt":"2015-10-20T22:18:33","slug":"bytove-domy","status":"publish","type":"page","link":"https:\/\/www.hvsystem.cz\/?page_id=3251","title":{"rendered":"Bytov\u00e9 domy"},"content":{"rendered":"<p>Z vlastn\u00edch zku\u0161enost\u00ed v\u00edme, \u017ee i panelov\u00e9 domy s nedostate\u010dn\u00fdm zateplen\u00edm mohou platit za vyt\u00e1p\u011bn\u00ed m\u00e9n\u011b. Sta\u010d\u00ed pos\u00edlit st\u00e1vaj\u00edc\u00ed izolaci, a sn\u00ed\u017eit tak energetickou n\u00e1ro\u010dnost stavby. Za\u010dnete \u0161et\u0159it za vyt\u00e1p\u011bn\u00ed. Pro zes\u00edlen\u00ed kontaktn\u00edch zateplovac\u00edch syst\u00e9m\u016f se n\u00e1m osv\u011bd\u010dila technologie Sanasys\u00ae Duplex, d\u00edky kter\u00e9 nemus\u00edte platit za likvidaci p\u016fvodn\u00ed izolace.<\/p>\n<p><a href=\"https:\/\/www.hvsystem.cz\/wp-content\/uploads\/2015\/09\/4-e1442976249608.jpg\"><img loading=\"lazy\" decoding=\"async\" class=\"aligncenter  wp-image-3186\" src=\"https:\/\/www.hvsystem.cz\/wp-content\/uploads\/2015\/09\/4-e1442976249608.jpg\" alt=\"4\" width=\"513\" height=\"289\" \/><\/a><\/p>\n","protected":false},"excerpt":{"rendered":"<p>Z vlastn\u00edch zku\u0161enost\u00ed v\u00edme, \u017ee i panelov\u00e9 domy s nedostate\u010dn\u00fdm zateplen\u00edm mohou platit za vyt\u00e1p\u011bn\u00ed m\u00e9n\u011b. Sta\u010d\u00ed pos\u00edlit st\u00e1vaj\u00edc\u00ed izolaci, a sn\u00ed\u017eit tak energetickou n\u00e1ro\u010dnost [&hellip;]<\/p>\n","protected":false},"author":1,"featured_media":0,"parent":0,"menu_order":0,"comment_status":"open","ping_status":"open","template":"","meta":{"footnotes":""},"_links":{"self":[{"href":"https:\/\/www.hvsystem.cz\/index.php?rest_route=\/wp\/v2\/pages\/3251"}],"collection":[{"href":"https:\/\/www.hvsystem.cz\/index.php?rest_route=\/wp\/v2\/pages"}],"about":[{"href":"https:\/\/www.hvsystem.cz\/index.php?rest_route=\/wp\/v2\/types\/page"}],"author":[{"embeddable":true,"href":"https:\/\/www.hvsystem.cz\/index.php?rest_route=\/wp\/v2\/users\/1"}],"replies":[{"embeddable":true,"href":"https:\/\/www.hvsystem.cz\/index.php?rest_route=%2Fwp%2Fv2%2Fcomments&post=3251"}],"version-history":[{"count":3,"href":"https:\/\/www.hvsystem.cz\/index.php?rest_route=\/wp\/v2\/pages\/3251\/revisions"}],"predecessor-version":[{"id":3308,"href":"https:\/\/www.hvsystem.cz\/index.php?rest_route=\/wp\/v2\/pages\/3251\/revisions\/3308"}],"wp:attachment":[{"href":"https:\/\/www.hvsystem.cz\/index.php?rest_route=%2Fwp%2Fv2%2Fmedia&parent=3251"}],"curies":[{"name":"wp","href":"https:\/\/api.w.org\/{rel}","templated":true}]}}