{"id":3254,"date":"2015-10-20T19:54:33","date_gmt":"2015-10-20T18:54:33","guid":{"rendered":"http:\/\/www.hvsystem.cz\/?page_id=3254"},"modified":"2015-10-20T23:20:52","modified_gmt":"2015-10-20T22:20:52","slug":"fasady","status":"publish","type":"page","link":"https:\/\/www.hvsystem.cz\/?page_id=3254","title":{"rendered":"Fas\u00e1dy"},"content":{"rendered":"<p>Stavebn\u00ed spole\u010dnost HV System plus s.r.o. V\u00e1m, za dobu sv\u00e9ho p\u016fsoben\u00ed a zku\u0161enost\u00ed v oblasti rekonstrukc\u00ed a zateplov\u00e1n\u00ed fas\u00e1d rodinn\u00fdch a bytov\u00fdch dom\u016f, v\u010detn\u011b v\u00fdstavby nov\u00fdch rodinn\u00fdch dom\u016f, nab\u00edz\u00ed komplexn\u00ed opravy Va\u0161eho domu v nejvy\u0161\u0161\u00ed kvalit\u011b s maxim\u00e1ln\u00edm servisem.<\/p>\n<div id=\"attachment_3202\" style=\"width: 801px\" class=\"wp-caption aligncenter\"><a href=\"https:\/\/www.hvsystem.cz\/wp-content\/uploads\/2015\/09\/12074715_467342016770034_2755099705304384582_n.jpg\"><img loading=\"lazy\" decoding=\"async\" aria-describedby=\"caption-attachment-3202\" class=\"size-full wp-image-3202\" src=\"https:\/\/www.hvsystem.cz\/wp-content\/uploads\/2015\/09\/12074715_467342016770034_2755099705304384582_n.jpg\" alt=\"BD ul. PLEVOVA 3, Brno - oprava a n\u00e1t\u011br klemp\u00ed\u0159sk\u00fdch prvk\u016f, nov\u00e1 hydroizolace, oprava om\u00edtek vn\u011bj\u0161\u00edch st\u011bn fas\u00e1dy, penetrace a n\u00e1t\u011br fas\u00e1dy\" width=\"791\" height=\"960\" srcset=\"https:\/\/www.hvsystem.cz\/wp-content\/uploads\/2015\/09\/12074715_467342016770034_2755099705304384582_n.jpg 791w, https:\/\/www.hvsystem.cz\/wp-content\/uploads\/2015\/09\/12074715_467342016770034_2755099705304384582_n-247x300.jpg 247w, https:\/\/www.hvsystem.cz\/wp-content\/uploads\/2015\/09\/12074715_467342016770034_2755099705304384582_n-300x364.jpg 300w, https:\/\/www.hvsystem.cz\/wp-content\/uploads\/2015\/09\/12074715_467342016770034_2755099705304384582_n-150x182.jpg 150w\" sizes=\"(max-width: 791px) 100vw, 791px\" \/><\/a><p id=\"caption-attachment-3202\" class=\"wp-caption-text\">BD ul. PLEVOVA 3, Brno &#8211; oprava a n\u00e1t\u011br klemp\u00ed\u0159sk\u00fdch prvk\u016f, nov\u00e1 hydroizolace, oprava om\u00edtek vn\u011bj\u0161\u00edch st\u011bn fas\u00e1dy, penetrace a n\u00e1t\u011br fas\u00e1dy<\/p><\/div>\n","protected":false},"excerpt":{"rendered":"<p>Stavebn\u00ed spole\u010dnost HV System plus s.r.o. V\u00e1m, za dobu sv\u00e9ho p\u016fsoben\u00ed a zku\u0161enost\u00ed v oblasti rekonstrukc\u00ed a zateplov\u00e1n\u00ed fas\u00e1d rodinn\u00fdch a bytov\u00fdch dom\u016f, v\u010detn\u011b v\u00fdstavby [&hellip;]<\/p>\n","protected":false},"author":1,"featured_media":0,"parent":0,"menu_order":0,"comment_status":"open","ping_status":"open","template":"","meta":{"footnotes":""},"_links":{"self":[{"href":"https:\/\/www.hvsystem.cz\/index.php?rest_route=\/wp\/v2\/pages\/3254"}],"collection":[{"href":"https:\/\/www.hvsystem.cz\/index.php?rest_route=\/wp\/v2\/pages"}],"about":[{"href":"https:\/\/www.hvsystem.cz\/index.php?rest_route=\/wp\/v2\/types\/page"}],"author":[{"embeddable":true,"href":"https:\/\/www.hvsystem.cz\/index.php?rest_route=\/wp\/v2\/users\/1"}],"replies":[{"embeddable":true,"href":"https:\/\/www.hvsystem.cz\/index.php?rest_route=%2Fwp%2Fv2%2Fcomments&post=3254"}],"version-history":[{"count":4,"href":"https:\/\/www.hvsystem.cz\/index.php?rest_route=\/wp\/v2\/pages\/3254\/revisions"}],"predecessor-version":[{"id":3310,"href":"https:\/\/www.hvsystem.cz\/index.php?rest_route=\/wp\/v2\/pages\/3254\/revisions\/3310"}],"wp:attachment":[{"href":"https:\/\/www.hvsystem.cz\/index.php?rest_route=%2Fwp%2Fv2%2Fmedia&parent=3254"}],"curies":[{"name":"wp","href":"https:\/\/api.w.org\/{rel}","templated":true}]}}