{"id":3257,"date":"2015-10-20T19:55:59","date_gmt":"2015-10-20T18:55:59","guid":{"rendered":"http:\/\/www.hvsystem.cz\/?page_id=3257"},"modified":"2017-04-21T09:03:43","modified_gmt":"2017-04-21T08:03:43","slug":"zelena-usporam","status":"publish","type":"page","link":"https:\/\/www.hvsystem.cz\/?page_id=3257","title":{"rendered":"Zelen\u00e1 \u00faspor\u00e1m"},"content":{"rendered":"<h2><strong>Nov\u00e1 zelen\u00e1 \u00faspor\u00e1m dotace<\/strong><a href=\"https:\/\/www.hvsystem.cz\/wp-content\/uploads\/2015\/10\/nova-zelena-usporam.png\"><img loading=\"lazy\" decoding=\"async\" class=\"alignright  wp-image-3815\" src=\"https:\/\/www.hvsystem.cz\/wp-content\/uploads\/2015\/10\/nova-zelena-usporam.png\" alt=\"nova-zelena-usporam\" width=\"111\" height=\"99\" srcset=\"https:\/\/www.hvsystem.cz\/wp-content\/uploads\/2015\/10\/nova-zelena-usporam.png 224w, https:\/\/www.hvsystem.cz\/wp-content\/uploads\/2015\/10\/nova-zelena-usporam-150x133.png 150w\" sizes=\"(max-width: 111px) 100vw, 111px\" \/><\/a><\/h2>\n<ul>\n<li>\u00a0Sn\u00ed\u017een\u00ed energetick\u00e9 n\u00e1ro\u010dnosti st\u00e1vaj\u00edc\u00edch rodinn\u00fdch dom\u016f<\/li>\n<li>V\u00fdstavba rodinn\u00fdch dom\u016f s velmi n\u00edzkou energetickou n\u00e1ro\u010dnost\u00ed<\/li>\n<li>Efektivn\u00ed vyu\u017eit\u00ed zdroj\u016f energie<\/li>\n<\/ul>\n<p><a href=\"http:\/\/kalkulacka.novazelenausporam.cz\/\">http:\/\/kalkulacka.novazelenausporam.cz\/<\/a><\/p>\n<p><strong>Tepeln\u00e1 bari\u00e9ra SpaceBlock<\/strong><\/p>\n<ul>\n<li>Aerogel um\u00edst\u011bn\u00fd v r\u00e1mu okna Winergetic Premium Passive, t\u00edm okna spl\u0148uj\u00ed pot\u0159ebn\u00e9 parametry pro pasivn\u00ed domy.<\/li>\n<\/ul>\n<p>&nbsp;<\/p>\n<p><strong>Inovativn\u00ed sklo 4 Xglass<\/strong><\/p>\n<ul>\n<li>Vy\u0161\u0161\u00ed propustnost sv\u011btla, zlep\u0161enou zvukovou a tepelnou izolaci, a tak\u00e9 mo\u017enost konstruov\u00e1n\u00ed v\u011bt\u0161\u00edch zasklen\u00ed.<\/li>\n<\/ul>\n<p><strong>Okna Winergetic Passive<\/strong><\/p>\n<p><a href=\"https:\/\/www.hvsystem.cz\/wp-content\/uploads\/2015\/10\/Bez-n\u00e1zvu.png\"><img loading=\"lazy\" decoding=\"async\" class=\"alignleft size-full wp-image-3627\" src=\"https:\/\/www.hvsystem.cz\/wp-content\/uploads\/2015\/10\/Bez-n\u00e1zvu.png\" alt=\"Bez n\u00e1zvu\" width=\"529\" height=\"743\" srcset=\"https:\/\/www.hvsystem.cz\/wp-content\/uploads\/2015\/10\/Bez-n\u00e1zvu.png 529w, https:\/\/www.hvsystem.cz\/wp-content\/uploads\/2015\/10\/Bez-n\u00e1zvu-213x300.png 213w, https:\/\/www.hvsystem.cz\/wp-content\/uploads\/2015\/10\/Bez-n\u00e1zvu-300x421.png 300w, https:\/\/www.hvsystem.cz\/wp-content\/uploads\/2015\/10\/Bez-n\u00e1zvu-150x210.png 150w\" sizes=\"(max-width: 529px) 100vw, 529px\" \/><\/a><a href=\"https:\/\/www.hvsystem.cz\/wp-content\/uploads\/2015\/10\/Bez-n\u00e1zvu1.png\"><img loading=\"lazy\" decoding=\"async\" class=\"alignleft size-full wp-image-3626\" src=\"https:\/\/www.hvsystem.cz\/wp-content\/uploads\/2015\/10\/Bez-n\u00e1zvu1.png\" alt=\"Bez n\u00e1zvu1\" width=\"531\" height=\"726\" srcset=\"https:\/\/www.hvsystem.cz\/wp-content\/uploads\/2015\/10\/Bez-n\u00e1zvu1.png 531w, https:\/\/www.hvsystem.cz\/wp-content\/uploads\/2015\/10\/Bez-n\u00e1zvu1-219x300.png 219w, https:\/\/www.hvsystem.cz\/wp-content\/uploads\/2015\/10\/Bez-n\u00e1zvu1-300x410.png 300w, https:\/\/www.hvsystem.cz\/wp-content\/uploads\/2015\/10\/Bez-n\u00e1zvu1-150x205.png 150w\" sizes=\"(max-width: 531px) 100vw, 531px\" \/><\/a><\/p>\n","protected":false},"excerpt":{"rendered":"<p>Nov\u00e1 zelen\u00e1 \u00faspor\u00e1m dotace \u00a0Sn\u00ed\u017een\u00ed energetick\u00e9 n\u00e1ro\u010dnosti st\u00e1vaj\u00edc\u00edch rodinn\u00fdch dom\u016f V\u00fdstavba rodinn\u00fdch dom\u016f s velmi n\u00edzkou energetickou n\u00e1ro\u010dnost\u00ed Efektivn\u00ed vyu\u017eit\u00ed zdroj\u016f energie http:\/\/kalkulacka.novazelenausporam.cz\/ Tepeln\u00e1 bari\u00e9ra [&hellip;]<\/p>\n","protected":false},"author":1,"featured_media":0,"parent":0,"menu_order":0,"comment_status":"open","ping_status":"open","template":"","meta":{"footnotes":""},"_links":{"self":[{"href":"https:\/\/www.hvsystem.cz\/index.php?rest_route=\/wp\/v2\/pages\/3257"}],"collection":[{"href":"https:\/\/www.hvsystem.cz\/index.php?rest_route=\/wp\/v2\/pages"}],"about":[{"href":"https:\/\/www.hvsystem.cz\/index.php?rest_route=\/wp\/v2\/types\/page"}],"author":[{"embeddable":true,"href":"https:\/\/www.hvsystem.cz\/index.php?rest_route=\/wp\/v2\/users\/1"}],"replies":[{"embeddable":true,"href":"https:\/\/www.hvsystem.cz\/index.php?rest_route=%2Fwp%2Fv2%2Fcomments&post=3257"}],"version-history":[{"count":12,"href":"https:\/\/www.hvsystem.cz\/index.php?rest_route=\/wp\/v2\/pages\/3257\/revisions"}],"predecessor-version":[{"id":3819,"href":"https:\/\/www.hvsystem.cz\/index.php?rest_route=\/wp\/v2\/pages\/3257\/revisions\/3819"}],"wp:attachment":[{"href":"https:\/\/www.hvsystem.cz\/index.php?rest_route=%2Fwp%2Fv2%2Fmedia&parent=3257"}],"curies":[{"name":"wp","href":"https:\/\/api.w.org\/{rel}","templated":true}]}}