{"id":3451,"date":"2017-04-15T16:58:00","date_gmt":"2017-04-15T15:58:00","guid":{"rendered":"http:\/\/www.hvsystem.cz\/?page_id=3451"},"modified":"2017-04-20T20:12:12","modified_gmt":"2017-04-20T19:12:12","slug":"plastova-okna-winergetic-premium-passive","status":"publish","type":"page","link":"https:\/\/www.hvsystem.cz\/?page_id=3451","title":{"rendered":"PLASTOV\u00c1 okna Winergetic Premium Passive"},"content":{"rendered":"<p><a href=\"https:\/\/www.hvsystem.cz\/wp-content\/uploads\/2017\/04\/OKNOPLAST__katalog_CZ6.jpg\" target=\"_blank\">Okno Winergetic Premium Passive<\/a> <strong>spl\u0148uje p\u0159\u00edsn\u00e9 podm\u00ednky<\/strong> certifikace pro <a title=\"Zelen\u00e1 \u00faspor\u00e1m\" href=\"https:\/\/www.hvsystem.cz\/?page_id=3257\" target=\"_blank\"><strong>pasivn\u00ed stavby<\/strong><\/a>. Oknoplast\u00a0um\u00edstil do okna unik\u00e1tn\u00ed dvojitou tepelnou bari\u00e9ru SpaceBlock, kter\u00e1 je slo\u017eena z vrstvy aerogelu v r\u00e1mu a polyuretanov\u00e9 p\u011bny v k\u0159\u00eddle.<\/p>\n<p><strong>Vynikaj\u00edc\u00ed izola\u010dn\u00ed vlastnosti<\/strong> \u00a0dopl\u0148uj\u00ed <strong>sedmikomorov\u00fd profil<\/strong>, termick\u00e1 bari\u00e9ra SpaceBlock a t\u0159i celoobvodov\u00e1 t\u011bsn\u011bn\u00ed. Mo\u017enost zasklen\u00ed trojsklem 4 Xglass s Ug = 0,5 W\/m\u00b2K, nebo <strong>\u010dty\u0159sklem pln\u011bn\u00fdm kryptonem<\/strong>.<\/p>\n<p><a href=\"https:\/\/www.hvsystem.cz\/wp-content\/uploads\/2017\/04\/Winergetic_Premium_Passive_orzech_4szyby.jpg\"><img loading=\"lazy\" decoding=\"async\" class=\"alignleft wp-image-3683 \" src=\"https:\/\/www.hvsystem.cz\/wp-content\/uploads\/2017\/04\/Winergetic_Premium_Passive_orzech_4szyby.jpg\" alt=\"\" width=\"386\" height=\"478\" srcset=\"https:\/\/www.hvsystem.cz\/wp-content\/uploads\/2017\/04\/Winergetic_Premium_Passive_orzech_4szyby.jpg 485w, https:\/\/www.hvsystem.cz\/wp-content\/uploads\/2017\/04\/Winergetic_Premium_Passive_orzech_4szyby-242x300.jpg 242w, https:\/\/www.hvsystem.cz\/wp-content\/uploads\/2017\/04\/Winergetic_Premium_Passive_orzech_4szyby-300x371.jpg 300w, https:\/\/www.hvsystem.cz\/wp-content\/uploads\/2017\/04\/Winergetic_Premium_Passive_orzech_4szyby-150x185.jpg 150w\" sizes=\"(max-width: 386px) 100vw, 386px\" \/><\/a><\/p>\n<ul>\n<li>Aerogel v r\u00e1mu okna jako prvn\u00ed na trhu.<\/li>\n<li>Termor\u00e1me\u010dek z u\u0161lechtil\u00e9 oceli.<\/li>\n<li>Kalen\u00ed skla od \u0161\u00ed\u0159ky tabule 1200 mm je sou\u010d\u00e1st\u00ed standardn\u00edho vybaven\u00ed &#8211; mo\u017enost objednat kalen\u00ed men\u0161\u00edch skel.<\/li>\n<\/ul>\n<p>Kov\u00e1n\u00ed Maco dESING+<\/p>\n<ul>\n<li>Bezpe\u010dnostn\u00ed \u010dep Safety Plus, p\u0159ipevn\u011bn\u00fd k ocelov\u00e9mu vyztu\u017een\u00ed profilu, rozhodn\u00fdm zp\u016fsobem zt\u011b\u017euje otev\u0159en\u00ed okna zlod\u011bjem.<\/li>\n<li>Speci\u00e1ln\u00ed \u010depy i.S (i, kter\u00e9 ve \u00a0s ostatn\u00edmi \u010depy podporuj\u00ed lehk\u00e9 a p\u0159esn\u00e9 fungov\u00e1n\u00ed kov\u00e1n\u00ed a zaji\u0161\u0165uj\u00ed vysokou \u00farove\u0148 bezpe\u010dnosti.<\/li>\n<li>Zaoblen\u00fd tvar \u010depu spole\u010dn\u011b s klikou a kryty pant\u016f tvo\u0159\u00ed jednotnou stylovou linii dESIGN+.<\/li>\n<\/ul>\n<p>T\u011bsn\u011bn\u00ed<\/p>\n<ul>\n<li>Syst\u00e9m st\u0159edov\u00e9ho t\u011bsn\u011bn\u00ed v r\u00e1mu a v k\u0159\u00eddle zlep\u0161uj\u00edc\u00ed tepeln\u00e9 parametry okna.<\/li>\n<\/ul>\n<ul>\n<li>Klika DESIGN+ k dost\u00e1n\u00ed v\u00fdhradn\u011b u OKNOPLASTU<\/li>\n<\/ul>\n<p style=\"text-align: right;\"><a href=\"https:\/\/www.hvsystem.cz\/wp-content\/uploads\/2017\/04\/Winergetic_Premium_bila.jpg\"><img loading=\"lazy\" decoding=\"async\" class=\"alignleft wp-image-3452 size-large\" src=\"https:\/\/www.hvsystem.cz\/wp-content\/uploads\/2017\/04\/Winergetic_Premium_bila-368x1024.jpg\" alt=\"Winergetic_Premium_bila\" width=\"368\" height=\"1024\" srcset=\"https:\/\/www.hvsystem.cz\/wp-content\/uploads\/2017\/04\/Winergetic_Premium_bila-368x1024.jpg 368w, https:\/\/www.hvsystem.cz\/wp-content\/uploads\/2017\/04\/Winergetic_Premium_bila-300x834.jpg 300w, https:\/\/www.hvsystem.cz\/wp-content\/uploads\/2017\/04\/Winergetic_Premium_bila-150x417.jpg 150w\" sizes=\"(max-width: 368px) 100vw, 368px\" \/><\/a><\/p>\n","protected":false},"excerpt":{"rendered":"<p>Okno Winergetic Premium Passive spl\u0148uje p\u0159\u00edsn\u00e9 podm\u00ednky certifikace pro pasivn\u00ed stavby. Oknoplast\u00a0um\u00edstil do okna unik\u00e1tn\u00ed dvojitou tepelnou bari\u00e9ru SpaceBlock, kter\u00e1 je slo\u017eena z vrstvy aerogelu [&hellip;]<\/p>\n","protected":false},"author":1,"featured_media":0,"parent":0,"menu_order":0,"comment_status":"open","ping_status":"open","template":"","meta":{"footnotes":""},"_links":{"self":[{"href":"https:\/\/www.hvsystem.cz\/index.php?rest_route=\/wp\/v2\/pages\/3451"}],"collection":[{"href":"https:\/\/www.hvsystem.cz\/index.php?rest_route=\/wp\/v2\/pages"}],"about":[{"href":"https:\/\/www.hvsystem.cz\/index.php?rest_route=\/wp\/v2\/types\/page"}],"author":[{"embeddable":true,"href":"https:\/\/www.hvsystem.cz\/index.php?rest_route=\/wp\/v2\/users\/1"}],"replies":[{"embeddable":true,"href":"https:\/\/www.hvsystem.cz\/index.php?rest_route=%2Fwp%2Fv2%2Fcomments&post=3451"}],"version-history":[{"count":16,"href":"https:\/\/www.hvsystem.cz\/index.php?rest_route=\/wp\/v2\/pages\/3451\/revisions"}],"predecessor-version":[{"id":3766,"href":"https:\/\/www.hvsystem.cz\/index.php?rest_route=\/wp\/v2\/pages\/3451\/revisions\/3766"}],"wp:attachment":[{"href":"https:\/\/www.hvsystem.cz\/index.php?rest_route=%2Fwp%2Fv2%2Fmedia&parent=3451"}],"curies":[{"name":"wp","href":"https:\/\/api.w.org\/{rel}","templated":true}]}}