{"id":3459,"date":"2017-04-17T01:40:53","date_gmt":"2017-04-17T00:40:53","guid":{"rendered":"http:\/\/www.hvsystem.cz\/?page_id=3459"},"modified":"2017-04-21T08:20:18","modified_gmt":"2017-04-21T07:20:18","slug":"plastova-okna-prolux","status":"publish","type":"page","link":"https:\/\/www.hvsystem.cz\/?page_id=3459","title":{"rendered":"PLASTOV\u00c1 okna Prolux"},"content":{"rendered":"<p><a href=\"https:\/\/www.hvsystem.cz\/wp-content\/uploads\/2017\/04\/Letak-Prolux-CZ.pdf\" target=\"_blank\">Okno Prolux<\/a> disignov\u011b navazuje na \u0159adu Platinium, \u00a0sv\u00fdm zaoblen\u00fdm a ze\u0161t\u00edhlen\u00fdm profilem zv\u011bt\u0161uje plochu zasklen\u00ed. <strong>Propou\u0161t\u00ed v\u00edce sv\u011btla, co\u017e p\u0159isp\u00edv\u00e1 k p\u0159\u00edjemn\u00e9mu prosv\u011btlen\u00ed m\u00edstnosti, v kombinaci s izola\u010dn\u00edmi skly a \u0161estikomorov\u00fdm syst\u00e9mem doch\u00e1z\u00ed k energetick\u00e9 \u00faspo\u0159e<\/strong>.\u00a0Mo\u017enost zasklen\u00ed izola\u010dn\u00edm dvojsklem nebo trojsklem s v\u00fdborn\u00fdm parametrem tepeln\u00e9 izolace.<\/p>\n<ul>\n<ul>\n<li>Ve srovn\u00e1n\u00ed s b\u011b\u017en\u00fdmi plastov\u00fdmi okny a\u017e o 22% v\u00edce sv\u011btla<\/li>\n<li>Mo\u017enost proveden\u00ed v technologii ColorFULL<\/li>\n<li>Na v\u0161echny prvky oken 7 let z\u00e1ruka<a href=\"https:\/\/www.hvsystem.cz\/wp-content\/uploads\/2017\/04\/Platinium-evolution_1.png\"><br \/>\n<\/a><a href=\"https:\/\/www.hvsystem.cz\/wp-content\/uploads\/2017\/04\/PROLUX_dab_Sheffield_3_szyby.jpg\"><img loading=\"lazy\" decoding=\"async\" class=\"size-full wp-image-3665 alignright\" src=\"https:\/\/www.hvsystem.cz\/wp-content\/uploads\/2017\/04\/PROLUX_dab_Sheffield_3_szyby.jpg\" alt=\"PROLUX_dab_Sheffield_3_szyby\" width=\"384\" height=\"616\" srcset=\"https:\/\/www.hvsystem.cz\/wp-content\/uploads\/2017\/04\/PROLUX_dab_Sheffield_3_szyby.jpg 384w, https:\/\/www.hvsystem.cz\/wp-content\/uploads\/2017\/04\/PROLUX_dab_Sheffield_3_szyby-187x300.jpg 187w, https:\/\/www.hvsystem.cz\/wp-content\/uploads\/2017\/04\/PROLUX_dab_Sheffield_3_szyby-300x481.jpg 300w, https:\/\/www.hvsystem.cz\/wp-content\/uploads\/2017\/04\/PROLUX_dab_Sheffield_3_szyby-150x240.jpg 150w\" sizes=\"(max-width: 384px) 100vw, 384px\" \/><\/a><\/li>\n<\/ul>\n<\/ul>\n","protected":false},"excerpt":{"rendered":"<p>Okno Prolux disignov\u011b navazuje na \u0159adu Platinium, \u00a0sv\u00fdm zaoblen\u00fdm a ze\u0161t\u00edhlen\u00fdm profilem zv\u011bt\u0161uje plochu zasklen\u00ed. Propou\u0161t\u00ed v\u00edce sv\u011btla, co\u017e p\u0159isp\u00edv\u00e1 k p\u0159\u00edjemn\u00e9mu prosv\u011btlen\u00ed m\u00edstnosti, v [&hellip;]<\/p>\n","protected":false},"author":1,"featured_media":0,"parent":0,"menu_order":0,"comment_status":"open","ping_status":"open","template":"","meta":{"footnotes":""},"_links":{"self":[{"href":"https:\/\/www.hvsystem.cz\/index.php?rest_route=\/wp\/v2\/pages\/3459"}],"collection":[{"href":"https:\/\/www.hvsystem.cz\/index.php?rest_route=\/wp\/v2\/pages"}],"about":[{"href":"https:\/\/www.hvsystem.cz\/index.php?rest_route=\/wp\/v2\/types\/page"}],"author":[{"embeddable":true,"href":"https:\/\/www.hvsystem.cz\/index.php?rest_route=\/wp\/v2\/users\/1"}],"replies":[{"embeddable":true,"href":"https:\/\/www.hvsystem.cz\/index.php?rest_route=%2Fwp%2Fv2%2Fcomments&post=3459"}],"version-history":[{"count":10,"href":"https:\/\/www.hvsystem.cz\/index.php?rest_route=\/wp\/v2\/pages\/3459\/revisions"}],"predecessor-version":[{"id":3813,"href":"https:\/\/www.hvsystem.cz\/index.php?rest_route=\/wp\/v2\/pages\/3459\/revisions\/3813"}],"wp:attachment":[{"href":"https:\/\/www.hvsystem.cz\/index.php?rest_route=%2Fwp%2Fv2%2Fmedia&parent=3459"}],"curies":[{"name":"wp","href":"https:\/\/api.w.org\/{rel}","templated":true}]}}