{"id":3462,"date":"2017-04-15T01:51:03","date_gmt":"2017-04-15T00:51:03","guid":{"rendered":"http:\/\/www.hvsystem.cz\/?page_id=3462"},"modified":"2017-04-21T14:53:39","modified_gmt":"2017-04-21T13:53:39","slug":"plastova-okna-koncept","status":"publish","type":"page","link":"https:\/\/www.hvsystem.cz\/?page_id=3462","title":{"rendered":"PLASTOV\u00c1 okna Koncept"},"content":{"rendered":"<p><a href=\"https:\/\/www.hvsystem.cz\/wp-content\/uploads\/2017\/04\/OKNOPLAST__katalog_CZ6.jpg\" target=\"_blank\">Okno Koncept<\/a> se\u00a0vyzna\u010duje klasick\u00fdm hranat\u00fdm tvarem, je obl\u00edben\u00e9 u z\u00e1kazn\u00edk\u016f pro svoji vizu\u00e1ln\u00ed jednoduchost. Je vystu\u017een\u00e9 pozinkovanou ocel\u00ed a bezpe\u010dnostn\u00ed uz\u00e1v\u011bry jsou p\u0159ipevn\u011bny k ocelov\u00e9 v\u00fdztu\u017ei, co\u017e zna\u010dn\u011b zt\u011b\u017euje vyp\u00e1\u010den\u00ed okna.U\u017eivatelsk\u00fd komfort zaji\u0161\u0165uje kov\u00e1n\u00ed Maco dESIGN+.<\/p>\n<p><strong>Ve standardn\u00edm vybaven\u00ed \u00a0okno\u00a0Koncept<\/strong> obsahuje inteligentn\u00ed <strong>\u010depy proti vloup\u00e1n\u00ed i.S.<\/strong>, <strong>bezpe\u010dnostn\u00ed uz\u00e1v\u011br<\/strong> SafetyPlus, <strong>pojistku<\/strong> proti p\u0159eto\u010den\u00ed kliky zabra\u0148uj\u00edc\u00ed vypadnut\u00ed k\u0159\u00eddla z pant\u016f, <strong>pojistku zamezuj\u00edc\u00ed p\u0159eklopen\u00ed k\u0159\u00eddla pr\u016fvanem<\/strong>, ergonomickou kliku Oknoplast nebo <strong>mikroventilaci.<\/strong>\u00a0 Okno je charakterizov\u00e1n\u00e9 dlouhodobou \u017eivotnost\u00ed a funk\u010dnost\u00ed s vysok\u00fdmi technick\u00fdmi parametry <strong>p\u011btikomorov\u00e9ho<\/strong> syst\u00e9mu Perfectline zaji\u0161\u0165uje v\u00fdjime\u010dn\u00e9 izola\u010dn\u00ed vlastnosti. Doporu\u010dujeme p\u0159i rekonstrukc\u00edch rodinn\u00fdch i panelov\u00fdch dom\u016f, jsou kompatibiln\u00ed s <a title=\"Posuvn\u00e9 dve\u0159e HST\" href=\"https:\/\/www.hvsystem.cz\/?page_id=3468\" target=\"_blank\">HTS balkonov\u00fdmi dve\u0159mi<\/a> s velmi velkou plochou zasklen\u00ed.<\/p>\n<ul>\n<li>Klasick\u00fd tvar a vysok\u00e1 odolnost<img loading=\"lazy\" decoding=\"async\" class=\"alignnone wp-image-3463 size-full\" src=\"https:\/\/www.hvsystem.cz\/wp-content\/uploads\/2017\/04\/koncept.jpg\" alt=\"koncept\" width=\"449\" height=\"450\" srcset=\"https:\/\/www.hvsystem.cz\/wp-content\/uploads\/2017\/04\/koncept.jpg 449w, https:\/\/www.hvsystem.cz\/wp-content\/uploads\/2017\/04\/koncept-150x150.jpg 150w, https:\/\/www.hvsystem.cz\/wp-content\/uploads\/2017\/04\/koncept-300x300.jpg 300w\" sizes=\"(max-width: 449px) 100vw, 449px\" \/><\/li>\n<li>Mo\u017enost opl\u00e1\u0161t\u011bn\u00ed hlin\u00edkov\u00fdmi kryty\u00a0venkovn\u00edch\u00a0\u010d\u00e1st\u00ed profil\u016f, k\u0159\u00eddel, sloupk\u016f<\/li>\n<li>Z\u00e1ruka 7 let na v\u0161echny prvky oken<\/li>\n<li>V nab\u00eddce najdete 3 r\u016fzn\u00e9 tvary zaskl\u00edvac\u00edch li\u0161t: standard (rovn\u00e1), art (zaoblen\u00e1), ozdobn\u00e1<\/li>\n<\/ul>\n","protected":false},"excerpt":{"rendered":"<p>Okno Koncept se\u00a0vyzna\u010duje klasick\u00fdm hranat\u00fdm tvarem, je obl\u00edben\u00e9 u z\u00e1kazn\u00edk\u016f pro svoji vizu\u00e1ln\u00ed jednoduchost. Je vystu\u017een\u00e9 pozinkovanou ocel\u00ed a bezpe\u010dnostn\u00ed uz\u00e1v\u011bry jsou p\u0159ipevn\u011bny k ocelov\u00e9 [&hellip;]<\/p>\n","protected":false},"author":1,"featured_media":0,"parent":0,"menu_order":0,"comment_status":"open","ping_status":"open","template":"","meta":{"footnotes":""},"_links":{"self":[{"href":"https:\/\/www.hvsystem.cz\/index.php?rest_route=\/wp\/v2\/pages\/3462"}],"collection":[{"href":"https:\/\/www.hvsystem.cz\/index.php?rest_route=\/wp\/v2\/pages"}],"about":[{"href":"https:\/\/www.hvsystem.cz\/index.php?rest_route=\/wp\/v2\/types\/page"}],"author":[{"embeddable":true,"href":"https:\/\/www.hvsystem.cz\/index.php?rest_route=\/wp\/v2\/users\/1"}],"replies":[{"embeddable":true,"href":"https:\/\/www.hvsystem.cz\/index.php?rest_route=%2Fwp%2Fv2%2Fcomments&post=3462"}],"version-history":[{"count":21,"href":"https:\/\/www.hvsystem.cz\/index.php?rest_route=\/wp\/v2\/pages\/3462\/revisions"}],"predecessor-version":[{"id":3850,"href":"https:\/\/www.hvsystem.cz\/index.php?rest_route=\/wp\/v2\/pages\/3462\/revisions\/3850"}],"wp:attachment":[{"href":"https:\/\/www.hvsystem.cz\/index.php?rest_route=%2Fwp%2Fv2%2Fmedia&parent=3462"}],"curies":[{"name":"wp","href":"https:\/\/api.w.org\/{rel}","templated":true}]}}