{"id":3465,"date":"2017-04-17T01:01:16","date_gmt":"2017-04-17T00:01:16","guid":{"rendered":"http:\/\/www.hvsystem.cz\/?page_id=3465"},"modified":"2017-04-21T09:24:55","modified_gmt":"2017-04-21T08:24:55","slug":"plastova-okna-pixel","status":"publish","type":"page","link":"https:\/\/www.hvsystem.cz\/?page_id=3465","title":{"rendered":"PLASTOV\u00c1 okna Pixel"},"content":{"rendered":"<p><a href=\"https:\/\/www.hvsystem.cz\/wp-content\/uploads\/2017\/04\/Letak-Pixel-20161.jpg\" target=\"_blank\">Okno PIXEL<\/a> m\u00e1 minim\u00e1ln\u00ed tepeln\u00e9 ztr\u00e1ty d\u00edky <strong>\u0161estikomorov\u00e9mu profilu.<\/strong>\u00a0Modern\u00edm hranat\u00fdm tvarem profilu a zaskl\u00edvac\u00edch li\u0161t zaji\u0161\u0165uj\u00ed okna <strong>a\u017e do 22% v\u00edce sv\u011btla v interi\u00e9ru. <\/strong>Ve srovn\u00e1n\u00ed s b\u011b\u017en\u00fdmi okny pronik\u00e1 do m\u00edstnosti v\u011bt\u0161\u00ed mno\u017estv\u00ed slune\u010dn\u00ed energie, t\u00edm <strong>sni\u017euje n\u00e1klady na vyt\u00e1p\u011bn\u00ed<\/strong>. Okno je mo\u017en\u00e9 zaskl\u00edt dvojsklem nebo trojsklem a kombinovat s\u00a0terasov\u00fdmi dve\u0159mi PSK, PSK-Z \u010di PSK Atrium pro pohodln\u00e9 propojen\u00ed s terasou.<\/p>\n<ul>\n<li>Elegantn\u00ed hranat\u00e9 tvary<\/li>\n<li>Skv\u011bl\u00e1 tepeln\u00e1 izolace<\/li>\n<li>Z\u00e1ruka 7 let na v\u0161echny prvky oken<\/li>\n<\/ul>\n<p><a href=\"https:\/\/www.hvsystem.cz\/wp-content\/uploads\/2017\/04\/Pixel_corner_anthrazit_wood.jpg\"><img loading=\"lazy\" decoding=\"async\" class=\"alignleft size-full wp-image-3668\" src=\"https:\/\/www.hvsystem.cz\/wp-content\/uploads\/2017\/04\/Pixel_corner_anthrazit_wood.jpg\" alt=\"Pixel_corner_anthrazit_wood\" width=\"1500\" height=\"1754\" srcset=\"https:\/\/www.hvsystem.cz\/wp-content\/uploads\/2017\/04\/Pixel_corner_anthrazit_wood.jpg 1500w, https:\/\/www.hvsystem.cz\/wp-content\/uploads\/2017\/04\/Pixel_corner_anthrazit_wood-256x300.jpg 256w, https:\/\/www.hvsystem.cz\/wp-content\/uploads\/2017\/04\/Pixel_corner_anthrazit_wood-875x1024.jpg 875w, https:\/\/www.hvsystem.cz\/wp-content\/uploads\/2017\/04\/Pixel_corner_anthrazit_wood-300x350.jpg 300w, https:\/\/www.hvsystem.cz\/wp-content\/uploads\/2017\/04\/Pixel_corner_anthrazit_wood-150x175.jpg 150w\" sizes=\"(max-width: 1500px) 100vw, 1500px\" \/><\/a><\/p>\n","protected":false},"excerpt":{"rendered":"<p>Okno PIXEL m\u00e1 minim\u00e1ln\u00ed tepeln\u00e9 ztr\u00e1ty d\u00edky \u0161estikomorov\u00e9mu profilu.\u00a0Modern\u00edm hranat\u00fdm tvarem profilu a zaskl\u00edvac\u00edch li\u0161t zaji\u0161\u0165uj\u00ed okna a\u017e do 22% v\u00edce sv\u011btla v interi\u00e9ru. Ve [&hellip;]<\/p>\n","protected":false},"author":1,"featured_media":0,"parent":0,"menu_order":0,"comment_status":"open","ping_status":"open","template":"","meta":{"footnotes":""},"_links":{"self":[{"href":"https:\/\/www.hvsystem.cz\/index.php?rest_route=\/wp\/v2\/pages\/3465"}],"collection":[{"href":"https:\/\/www.hvsystem.cz\/index.php?rest_route=\/wp\/v2\/pages"}],"about":[{"href":"https:\/\/www.hvsystem.cz\/index.php?rest_route=\/wp\/v2\/types\/page"}],"author":[{"embeddable":true,"href":"https:\/\/www.hvsystem.cz\/index.php?rest_route=\/wp\/v2\/users\/1"}],"replies":[{"embeddable":true,"href":"https:\/\/www.hvsystem.cz\/index.php?rest_route=%2Fwp%2Fv2%2Fcomments&post=3465"}],"version-history":[{"count":12,"href":"https:\/\/www.hvsystem.cz\/index.php?rest_route=\/wp\/v2\/pages\/3465\/revisions"}],"predecessor-version":[{"id":3822,"href":"https:\/\/www.hvsystem.cz\/index.php?rest_route=\/wp\/v2\/pages\/3465\/revisions\/3822"}],"wp:attachment":[{"href":"https:\/\/www.hvsystem.cz\/index.php?rest_route=%2Fwp%2Fv2%2Fmedia&parent=3465"}],"curies":[{"name":"wp","href":"https:\/\/api.w.org\/{rel}","templated":true}]}}