{"id":3468,"date":"2017-04-14T23:47:16","date_gmt":"2017-04-14T22:47:16","guid":{"rendered":"http:\/\/www.hvsystem.cz\/?page_id=3468"},"modified":"2017-05-04T05:31:34","modified_gmt":"2017-05-04T04:31:34","slug":"posuvne-dvere-hst","status":"publish","type":"page","link":"https:\/\/www.hvsystem.cz\/?page_id=3468","title":{"rendered":"Posuvn\u00e9 dve\u0159e HST"},"content":{"rendered":"<p><strong>Posuvn\u00e9 dve\u0159e s velkou prosklenou plochou<\/strong> dod\u00e1vaj\u00ed domu i interi\u00e9ru jedine\u010dn\u00fd vzhled a pronik\u00e1 do m\u00edstnost\u00ed velk\u00e9 mno\u017estv\u00ed p\u0159irozen\u00e9ho denn\u00edho sv\u011btla. V nab\u00eddce Oknoplats HST nebo HST Premium je mnoho barevn\u00fdch variant pro estetick\u00e9 slad\u011bn\u00ed s okny. <a href=\"https:\/\/www.hvsystem.cz\/wp-content\/uploads\/2017\/04\/HST2.jpg\" target=\"_blank\">Profil nejvy\u0161\u0161\u00ed dostupn\u00e9 t\u0159\u00eddy A<\/a> zaru\u010duje dlouhodobou \u017eivotnost a odolnost. Dve\u0159e m\u016f\u017eete vybavit bezpe\u010dnostn\u00edm kov\u00e1n\u00edm ve t\u0159\u00edd\u011b RC2.<\/p>\n<p><a href=\"https:\/\/www.hvsystem.cz\/wp-content\/uploads\/2017\/04\/OKNOPLAST__katalog_CZ7.jpg\" target=\"_blank\"><strong>Posuvn\u00e9 dve\u0159e HST<\/strong><\/a> s velkorozm\u011brov\u00fdmi k\u0159\u00eddly <strong>maj\u00ed snadn\u00e9 ovl\u00e1d\u00e1n\u00ed<\/strong>, posunuj\u00ed se v samostatn\u00fdch vod\u00edc\u00edch li\u0161t\u00e1ch a vy\u017eaduj\u00ed jen nepatrnou s\u00edlu na otev\u00edr\u00e1n\u00ed a zav\u00edran\u00ed, zasouv\u00e1 se jedno k\u0159\u00eddlo za druh\u00e9, t\u00edm umo\u017e\u0148uj\u00ed otev\u0159\u00edt velk\u00fd prostor a t\u00edm pohodln\u00fd p\u0159echod na terasu.<\/p>\n<p><a href=\"https:\/\/www.hvsystem.cz\/wp-content\/uploads\/2017\/04\/HST_a_scomparsa_FINAL.jpg\"><img loading=\"lazy\" decoding=\"async\" class=\"alignleft wp-image-3752\" src=\"https:\/\/www.hvsystem.cz\/wp-content\/uploads\/2017\/04\/HST_a_scomparsa_FINAL.jpg\" alt=\"HST_a_scomparsa_FINAL\" width=\"462\" height=\"327\" srcset=\"https:\/\/www.hvsystem.cz\/wp-content\/uploads\/2017\/04\/HST_a_scomparsa_FINAL.jpg 640w, https:\/\/www.hvsystem.cz\/wp-content\/uploads\/2017\/04\/HST_a_scomparsa_FINAL-300x212.jpg 300w, https:\/\/www.hvsystem.cz\/wp-content\/uploads\/2017\/04\/HST_a_scomparsa_FINAL-150x106.jpg 150w\" sizes=\"(max-width: 462px) 100vw, 462px\" \/><\/a><\/p>\n<p style=\"text-align: left;\">K otev\u00edr\u00e1n\u00ed dve\u0159\u00ed lze doobjednat <strong>motorov\u00fd pohon dve\u0159\u00ed<\/strong> nebo hlin\u00edkov\u00e9 p\u0159ekryt\u00ed prahu pro snadn\u00fd <strong>p\u0159echod pro star\u0161\u00ed nebo h\u016f\u0159e mobiln\u00ed osoby<\/strong>. Zdvi\u017en\u011b-posuvn\u00e9 dve\u0159e HST je mo\u017en\u00e9 zaskl\u00edt izola\u010dn\u00edm trojsklem nebo dvojsklem, s pou\u017e\u00edt\u00edm tepeln\u00fdm distan\u010dn\u00edm r\u00e1me\u010dkem, kter\u00fd minimalizuje rosen\u00ed oken a zlep\u0161\u00ed tepeln\u011b izola\u010dn\u00ed vlastnosti.<\/p>\n<p>&nbsp;<\/p>\n<ul>\n<li>Zdvi\u017en\u011b-posuvn\u00fd mechanizmus umo\u017enuje lehk\u00e9 a pohodln\u00e9 ovl\u00e1d\u00e1n\u00ed<\/li>\n<li>\u0160\u00ed\u0159ka k\u0159\u00eddla a\u017e do 3 m s p\u0159echodem 2,9 m, celkov\u00e1 plocha zasklen\u00ed a\u017e do 13,8 m\u00b2<\/li>\n<li>\u0160irok\u00e1 nab\u00eddka barev umo\u017e\u0148uje slad\u011bn\u00ed s okny<\/li>\n<li>Z\u00e1ruka 5 let na posuvn\u00e9 dve\u0159e<\/li>\n<\/ul>\n<p>&nbsp;<\/p>\n<p><strong><a href=\"https:\/\/www.hvsystem.cz\/wp-content\/uploads\/2017\/04\/OKNOPLAST__katalog_CZ7.jpg\" target=\"_blank\">Posuvn\u00e9 dve\u0159e HTS Premium<\/a><\/strong>\u00a0jsou navr\u017eeny s nejnov\u011bj\u0161\u00edmi trendy prostorov\u00e9ho designu p\u0159i zachov\u00e1n\u00ed <strong>vynikaj\u00edc\u00edch termoizola\u010dn\u00edch vlastnost\u00ed.<\/strong> <strong>Tepeln\u00fd pr\u00e1h Termostep 68mm nebo flatstep s tepelnou vlo\u017ekou<\/strong>. Speci\u00e1ln\u00ed kov\u00e1n\u00ed zaji\u0161\u0165uje pohyb k\u0159\u00eddel v\u016f\u010di sob\u011b nebo pohybliv\u00fdm \u010d\u00e1stem konstrukce lehce bez sebemen\u0161\u00edho odporu. Pro vysok\u00fd u\u017eivatelsk\u00fd komfort je mo\u017en\u00e9 dve\u0159e vybavit elektrick\u00fdm pohonem.<\/p>\n<p><a href=\"https:\/\/www.hvsystem.cz\/wp-content\/uploads\/2017\/04\/HST_Premium_wn\ufffdtrze_v2.jpg\"><img loading=\"lazy\" decoding=\"async\" class=\"alignright wp-image-3759 \" src=\"https:\/\/www.hvsystem.cz\/wp-content\/uploads\/2017\/04\/HST_Premium_wn\ufffdtrze_v2-1024x650.jpg\" alt=\"HST_Premium_wn\ufffdtrze_v2\" width=\"629\" height=\"399\" srcset=\"https:\/\/www.hvsystem.cz\/wp-content\/uploads\/2017\/04\/HST_Premium_wn\ufffdtrze_v2-1024x650.jpg 1024w, https:\/\/www.hvsystem.cz\/wp-content\/uploads\/2017\/04\/HST_Premium_wn\ufffdtrze_v2-300x190.jpg 300w, https:\/\/www.hvsystem.cz\/wp-content\/uploads\/2017\/04\/HST_Premium_wn\ufffdtrze_v2-150x95.jpg 150w\" sizes=\"(max-width: 629px) 100vw, 629px\" \/><\/a><\/p>\n<p>&nbsp;<\/p>\n","protected":false},"excerpt":{"rendered":"<p>Posuvn\u00e9 dve\u0159e s velkou prosklenou plochou dod\u00e1vaj\u00ed domu i interi\u00e9ru jedine\u010dn\u00fd vzhled a pronik\u00e1 do m\u00edstnost\u00ed velk\u00e9 mno\u017estv\u00ed p\u0159irozen\u00e9ho denn\u00edho sv\u011btla. V nab\u00eddce Oknoplats HST [&hellip;]<\/p>\n","protected":false},"author":1,"featured_media":0,"parent":0,"menu_order":0,"comment_status":"open","ping_status":"closed","template":"","meta":{"footnotes":""},"_links":{"self":[{"href":"https:\/\/www.hvsystem.cz\/index.php?rest_route=\/wp\/v2\/pages\/3468"}],"collection":[{"href":"https:\/\/www.hvsystem.cz\/index.php?rest_route=\/wp\/v2\/pages"}],"about":[{"href":"https:\/\/www.hvsystem.cz\/index.php?rest_route=\/wp\/v2\/types\/page"}],"author":[{"embeddable":true,"href":"https:\/\/www.hvsystem.cz\/index.php?rest_route=\/wp\/v2\/users\/1"}],"replies":[{"embeddable":true,"href":"https:\/\/www.hvsystem.cz\/index.php?rest_route=%2Fwp%2Fv2%2Fcomments&post=3468"}],"version-history":[{"count":30,"href":"https:\/\/www.hvsystem.cz\/index.php?rest_route=\/wp\/v2\/pages\/3468\/revisions"}],"predecessor-version":[{"id":3978,"href":"https:\/\/www.hvsystem.cz\/index.php?rest_route=\/wp\/v2\/pages\/3468\/revisions\/3978"}],"wp:attachment":[{"href":"https:\/\/www.hvsystem.cz\/index.php?rest_route=%2Fwp%2Fv2%2Fmedia&parent=3468"}],"curies":[{"name":"wp","href":"https:\/\/api.w.org\/{rel}","templated":true}]}}