{"id":3771,"date":"2017-04-20T20:31:35","date_gmt":"2017-04-20T19:31:35","guid":{"rendered":"http:\/\/www.hvsystem.cz\/?page_id=3771"},"modified":"2017-05-04T05:40:25","modified_gmt":"2017-05-04T04:40:25","slug":"dvere-2","status":"publish","type":"page","link":"https:\/\/www.hvsystem.cz\/?page_id=3771","title":{"rendered":"Dve\u0159e"},"content":{"rendered":"<p><a href=\"https:\/\/www.hvsystem.cz\/wp-content\/uploads\/2017\/04\/dvere11-ALUHAUS-2015.jpg\"><img loading=\"lazy\" decoding=\"async\" class=\"alignright size-large wp-image-3976\" src=\"https:\/\/www.hvsystem.cz\/wp-content\/uploads\/2017\/04\/dvere11-ALUHAUS-2015-1024x600.jpg\" alt=\"dvere11 ALUHAUS 2015\" width=\"1024\" height=\"600\" srcset=\"https:\/\/www.hvsystem.cz\/wp-content\/uploads\/2017\/04\/dvere11-ALUHAUS-2015-1024x600.jpg 1024w, https:\/\/www.hvsystem.cz\/wp-content\/uploads\/2017\/04\/dvere11-ALUHAUS-2015-300x175.jpg 300w, https:\/\/www.hvsystem.cz\/wp-content\/uploads\/2017\/04\/dvere11-ALUHAUS-2015-150x87.jpg 150w, https:\/\/www.hvsystem.cz\/wp-content\/uploads\/2017\/04\/dvere11-ALUHAUS-2015.jpg 1280w\" sizes=\"(max-width: 1024px) 100vw, 1024px\" \/><\/a><\/p>\n<p>&nbsp;<\/p>\n<ul>\n<li><strong>Posuvn\u00e9 dve\u0159e PSK<\/strong> je mo\u017en\u00e9 zaskl\u00edt izola\u010dn\u00edm trojsklem nebo dvojsklem. Pro zlep\u0161en\u00ed tepeln\u00e9 izolace doporu\u010dujeme pou\u017e\u00edt tepl\u00fd distan\u010dn\u00ed r\u00e1me\u010dek.<\/li>\n<li><strong>Zdvi\u017en\u011b-posuvn\u00e9 dve\u0159e HST<\/strong> je mo\u017en\u00e9 zaskl\u00edt izola\u010dn\u00edm trojsklem (koeficient prostupu tepla Ug = 0,7 W\/m\u00b2K), nebo dvojsklem (Ug = 1,0 W\/m\u00b2K). Pro zlep\u0161en\u00ed tepeln\u011bizola\u010dn\u00edch vlastnost\u00ed a minimalizaci rosen\u00ed skel doporu\u010dujeme pou\u017e\u00edt tepl\u00fd distan\u010dn\u00ed r\u00e1me\u010dek.<\/li>\n<li><strong>Hlin\u00edkov\u00e9 vchodov\u00e9 dve\u0159e \u0159ady ELITE, MODERN, CLASSIC<\/strong> nab\u00edz\u00ed \u0161irok\u00fd v\u00fdb\u011br vchodov\u00fdch dve\u0159\u00ed do va\u0161\u00ed dom\u00e1cnosti.<\/li>\n<\/ul>\n<p>&nbsp;<\/p>\n","protected":false},"excerpt":{"rendered":"<p>&nbsp; Posuvn\u00e9 dve\u0159e PSK je mo\u017en\u00e9 zaskl\u00edt izola\u010dn\u00edm trojsklem nebo dvojsklem. Pro zlep\u0161en\u00ed tepeln\u00e9 izolace doporu\u010dujeme pou\u017e\u00edt tepl\u00fd distan\u010dn\u00ed r\u00e1me\u010dek. Zdvi\u017en\u011b-posuvn\u00e9 dve\u0159e HST je mo\u017en\u00e9 [&hellip;]<\/p>\n","protected":false},"author":1,"featured_media":0,"parent":0,"menu_order":0,"comment_status":"open","ping_status":"open","template":"","meta":{"footnotes":""},"_links":{"self":[{"href":"https:\/\/www.hvsystem.cz\/index.php?rest_route=\/wp\/v2\/pages\/3771"}],"collection":[{"href":"https:\/\/www.hvsystem.cz\/index.php?rest_route=\/wp\/v2\/pages"}],"about":[{"href":"https:\/\/www.hvsystem.cz\/index.php?rest_route=\/wp\/v2\/types\/page"}],"author":[{"embeddable":true,"href":"https:\/\/www.hvsystem.cz\/index.php?rest_route=\/wp\/v2\/users\/1"}],"replies":[{"embeddable":true,"href":"https:\/\/www.hvsystem.cz\/index.php?rest_route=%2Fwp%2Fv2%2Fcomments&post=3771"}],"version-history":[{"count":5,"href":"https:\/\/www.hvsystem.cz\/index.php?rest_route=\/wp\/v2\/pages\/3771\/revisions"}],"predecessor-version":[{"id":3981,"href":"https:\/\/www.hvsystem.cz\/index.php?rest_route=\/wp\/v2\/pages\/3771\/revisions\/3981"}],"wp:attachment":[{"href":"https:\/\/www.hvsystem.cz\/index.php?rest_route=%2Fwp%2Fv2%2Fmedia&parent=3771"}],"curies":[{"name":"wp","href":"https:\/\/api.w.org\/{rel}","templated":true}]}}