{"id":3781,"date":"2017-04-20T22:25:27","date_gmt":"2017-04-20T21:25:27","guid":{"rendered":"http:\/\/www.hvsystem.cz\/?page_id=3781"},"modified":"2017-04-21T11:22:42","modified_gmt":"2017-04-21T10:22:42","slug":"plastova-okna-wnd","status":"publish","type":"page","link":"https:\/\/www.hvsystem.cz\/?page_id=3781","title":{"rendered":"Plastov\u00e1 okna WnD"},"content":{"rendered":"<p style=\"text-align: center;\"><a href=\"https:\/\/www.hvsystem.cz\/wp-content\/uploads\/2017\/04\/wnd.jpg\"><img loading=\"lazy\" decoding=\"async\" class=\"wp-image-3775 alignleft\" src=\"https:\/\/www.hvsystem.cz\/wp-content\/uploads\/2017\/04\/wnd.jpg\" alt=\"wnd\" width=\"140\" height=\"36\" srcset=\"https:\/\/www.hvsystem.cz\/wp-content\/uploads\/2017\/04\/wnd.jpg 264w, https:\/\/www.hvsystem.cz\/wp-content\/uploads\/2017\/04\/wnd-150x38.jpg 150w\" sizes=\"(max-width: 140px) 100vw, 140px\" \/><img loading=\"lazy\" decoding=\"async\" class=\"wp-image-3786 alignright\" src=\"https:\/\/www.hvsystem.cz\/wp-content\/uploads\/2017\/04\/WND4000_katalog_2013_CZ-3.jpg\" alt=\"WND4000_katalog_2013_CZ-3\" width=\"125\" height=\"43\" srcset=\"https:\/\/www.hvsystem.cz\/wp-content\/uploads\/2017\/04\/WND4000_katalog_2013_CZ-3.jpg 600w, https:\/\/www.hvsystem.cz\/wp-content\/uploads\/2017\/04\/WND4000_katalog_2013_CZ-3-300x103.jpg 300w, https:\/\/www.hvsystem.cz\/wp-content\/uploads\/2017\/04\/WND4000_katalog_2013_CZ-3-150x51.jpg 150w\" sizes=\"(max-width: 125px) 100vw, 125px\" \/><\/a><\/p>\n<p style=\"text-align: center;\">V nab\u00eddce <strong><a href=\"https:\/\/www.hvsystem.cz\/wp-content\/uploads\/2017\/04\/Letak-WND-2015.pdf\" target=\"_blank\">WnD plastov\u00e1 okna<\/a>, balkonov\u00e9 a sklopn\u011b-posuvn\u00e9 dve\u0159e PSK.<\/strong><\/p>\n<p style=\"text-align: center;\"><strong>Ve standardn\u00edm vybaven\u00ed:<\/strong><\/p>\n<ul>\n<ul>\n<li>pojistka chybn\u00e9 polohy kliky<\/li>\n<li>funkce mikroventilace<\/li>\n<li>zaoblen\u00e1 zaskl\u00edvac\u00ed li\u0161ta<\/li>\n<\/ul>\n<\/ul>\n<p style=\"text-align: center;\"><strong>P\u0159\u00edslu\u0161enstv\u00ed:<\/strong><\/p>\n<ul>\n<ul>\n<li>v\u011btr\u00e1ky tlakov\u00e9 a hygroskopicky \u0159\u00edzen\u00e9 zaji\u0161\u0165uj\u00ed optim\u00e1ln\u00ed v\u00fdm\u011bnu vzduchu a chr\u00e1n\u00ed proti vlhnut\u00ed zd\u00ed<\/li>\n<li>kliky s kl\u00ed\u010dkem, syst\u00e9mem Secustic nebo tla\u010d\u00edtkem<\/li>\n<li>sn\u00ed\u017een\u00fd pr\u00e1h na terasu nebo balkon<\/li>\n<li>ochrann\u00e1 zar\u00e1\u017eka proti samovoln\u00e9mu zabouchnut\u00ed dve\u0159\u00ed<\/li>\n<li>r\u016fzn\u00e9 tvary oken &#8211; nap\u0159. troj\u00faheln\u00edk, koso\u010dtverec, oblouk<a href=\"https:\/\/www.hvsystem.cz\/wp-content\/uploads\/2017\/04\/WND4000_katalog_2013_CZ-2.jpg\"><img loading=\"lazy\" decoding=\"async\" class=\"wp-image-3785 size-full alignright\" src=\"https:\/\/www.hvsystem.cz\/wp-content\/uploads\/2017\/04\/WND4000_katalog_2013_CZ-2.jpg\" alt=\"WND4000_katalog_2013_CZ-2\" width=\"869\" height=\"648\" srcset=\"https:\/\/www.hvsystem.cz\/wp-content\/uploads\/2017\/04\/WND4000_katalog_2013_CZ-2.jpg 869w, https:\/\/www.hvsystem.cz\/wp-content\/uploads\/2017\/04\/WND4000_katalog_2013_CZ-2-300x223.jpg 300w, https:\/\/www.hvsystem.cz\/wp-content\/uploads\/2017\/04\/WND4000_katalog_2013_CZ-2-150x111.jpg 150w\" sizes=\"(max-width: 869px) 100vw, 869px\" \/><\/a><\/li>\n<\/ul>\n<\/ul>\n<p>&nbsp;<\/p>\n<p>&nbsp;<\/p>\n<p>&nbsp;<\/p>\n<p>&nbsp;<\/p>\n<p>&nbsp;<\/p>\n<p>&nbsp;<\/p>\n<p>&nbsp;<\/p>\n<p>&nbsp;<\/p>\n<p>&nbsp;<\/p>\n<p>&nbsp;<\/p>\n<p>&nbsp;<\/p>\n<p>&nbsp;<\/p>\n<p>&nbsp;<\/p>\n<p>&nbsp;<\/p>\n<p>&nbsp;<\/p>\n<p>&nbsp;<\/p>\n<p>&nbsp;<\/p>\n<p>&nbsp;<\/p>\n<p>&nbsp;<\/p>\n<p>&nbsp;<\/p>\n<p><a href=\"https:\/\/www.hvsystem.cz\/wp-content\/uploads\/2017\/04\/WND4000_katalog_2013_CZ.pdf\">WND4000_katalog_2013_CZ<\/a><\/p>\n","protected":false},"excerpt":{"rendered":"<p>V nab\u00eddce WnD plastov\u00e1 okna, balkonov\u00e9 a sklopn\u011b-posuvn\u00e9 dve\u0159e PSK. Ve standardn\u00edm vybaven\u00ed: pojistka chybn\u00e9 polohy kliky funkce mikroventilace zaoblen\u00e1 zaskl\u00edvac\u00ed li\u0161ta P\u0159\u00edslu\u0161enstv\u00ed: v\u011btr\u00e1ky tlakov\u00e9 [&hellip;]<\/p>\n","protected":false},"author":1,"featured_media":0,"parent":0,"menu_order":0,"comment_status":"open","ping_status":"open","template":"","meta":{"footnotes":""},"_links":{"self":[{"href":"https:\/\/www.hvsystem.cz\/index.php?rest_route=\/wp\/v2\/pages\/3781"}],"collection":[{"href":"https:\/\/www.hvsystem.cz\/index.php?rest_route=\/wp\/v2\/pages"}],"about":[{"href":"https:\/\/www.hvsystem.cz\/index.php?rest_route=\/wp\/v2\/types\/page"}],"author":[{"embeddable":true,"href":"https:\/\/www.hvsystem.cz\/index.php?rest_route=\/wp\/v2\/users\/1"}],"replies":[{"embeddable":true,"href":"https:\/\/www.hvsystem.cz\/index.php?rest_route=%2Fwp%2Fv2%2Fcomments&post=3781"}],"version-history":[{"count":20,"href":"https:\/\/www.hvsystem.cz\/index.php?rest_route=\/wp\/v2\/pages\/3781\/revisions"}],"predecessor-version":[{"id":3838,"href":"https:\/\/www.hvsystem.cz\/index.php?rest_route=\/wp\/v2\/pages\/3781\/revisions\/3838"}],"wp:attachment":[{"href":"https:\/\/www.hvsystem.cz\/index.php?rest_route=%2Fwp%2Fv2%2Fmedia&parent=3781"}],"curies":[{"name":"wp","href":"https:\/\/api.w.org\/{rel}","templated":true}]}}