{"id":3891,"date":"2017-04-25T18:49:56","date_gmt":"2017-04-25T17:49:56","guid":{"rendered":"http:\/\/www.hvsystem.cz\/?page_id=3891"},"modified":"2017-04-28T12:22:21","modified_gmt":"2017-04-28T11:22:21","slug":"doplnky","status":"publish","type":"page","link":"https:\/\/www.hvsystem.cz\/?page_id=3891","title":{"rendered":"Dopl\u0148ky"},"content":{"rendered":"<p><strong>KLIKY<\/strong><\/p>\n<p><a href=\"https:\/\/www.hvsystem.cz\/wp-content\/uploads\/2017\/04\/2.jpg\"><img loading=\"lazy\" decoding=\"async\" class=\"alignright  wp-image-3892\" src=\"https:\/\/www.hvsystem.cz\/wp-content\/uploads\/2017\/04\/2.jpg\" alt=\"2\" width=\"293\" height=\"129\" srcset=\"https:\/\/www.hvsystem.cz\/wp-content\/uploads\/2017\/04\/2.jpg 761w, https:\/\/www.hvsystem.cz\/wp-content\/uploads\/2017\/04\/2-300x132.jpg 300w, https:\/\/www.hvsystem.cz\/wp-content\/uploads\/2017\/04\/2-150x66.jpg 150w\" sizes=\"(max-width: 293px) 100vw, 293px\" \/><\/a>Krom\u011b <a href=\"https:\/\/www.hvsystem.cz\/wp-content\/uploads\/2017\/04\/klamka.png\" target=\"_blank\">okenn\u00edch klik dESIGN+<\/a>\u00a0 v nab\u00eddce klika secustic s kl\u00ed\u010dkem nebo odn\u00edmateln\u00e1.Klika dESIGN+ byla vyvinuta ve spolupr\u00e1ci s rakousk\u00fdm projektov\u00fdm studiem KISKA a najdete ji v\u00fdhradn\u011b pod zna\u010dkou Oknoplast.<\/p>\n<p>&nbsp;<\/p>\n<p>&nbsp;<\/p>\n<p><strong>Sn\u00ed\u017een\u00fd balkonov\u00fd pr\u00e1h WINSTEP<\/strong><\/p>\n<p><a href=\"https:\/\/www.hvsystem.cz\/wp-content\/uploads\/2017\/04\/winstep-alu.jpg\"><img loading=\"lazy\" decoding=\"async\" class=\"wp-image-3901 alignleft\" src=\"https:\/\/www.hvsystem.cz\/wp-content\/uploads\/2017\/04\/winstep-alu.jpg\" alt=\"winstep-alu\" width=\"289\" height=\"127\" srcset=\"https:\/\/www.hvsystem.cz\/wp-content\/uploads\/2017\/04\/winstep-alu.jpg 761w, https:\/\/www.hvsystem.cz\/wp-content\/uploads\/2017\/04\/winstep-alu-300x132.jpg 300w, https:\/\/www.hvsystem.cz\/wp-content\/uploads\/2017\/04\/winstep-alu-150x66.jpg 150w\" sizes=\"(max-width: 289px) 100vw, 289px\" \/><\/a>Modern\u00ed \u0159e\u0161en\u00edm vchodu na terasu, d\u00edky sv\u00e9 minim\u00e1ln\u00ed v\u00fd\u0161ce 2cm, v\u00fd\u0161ka standardn\u00edho prahu je 7cm, dod\u00e1v\u00e1me v <a href=\"https:\/\/www.hvsystem.cz\/wp-content\/uploads\/2017\/04\/winstep-pvc.jpg\" target=\"_blank\">proveden\u00ed PVC<\/a> nebo hlin\u00edk.<\/p>\n<p>&nbsp;<\/p>\n<p>&nbsp;<\/p>\n<p>&nbsp;<\/p>\n<p><strong>V\u011aTR\u00c1KY<\/strong><\/p>\n<p><a href=\"https:\/\/www.hvsystem.cz\/wp-content\/uploads\/2017\/04\/higrosterowany_2.jpg\"><img loading=\"lazy\" decoding=\"async\" class=\"alignright  wp-image-3909\" src=\"https:\/\/www.hvsystem.cz\/wp-content\/uploads\/2017\/04\/higrosterowany_2.jpg\" alt=\"higrosterowany_2\" width=\"377\" height=\"148\" srcset=\"https:\/\/www.hvsystem.cz\/wp-content\/uploads\/2017\/04\/higrosterowany_2.jpg 761w, https:\/\/www.hvsystem.cz\/wp-content\/uploads\/2017\/04\/higrosterowany_2-300x117.jpg 300w, https:\/\/www.hvsystem.cz\/wp-content\/uploads\/2017\/04\/higrosterowany_2-150x58.jpg 150w\" sizes=\"(max-width: 377px) 100vw, 377px\" \/><\/a>Jsou vhodn\u00e9 do vlhk\u00fdch dom\u016f, kde zaji\u0161\u0165uj\u00ed neust\u00e1lou cirkulaci vzduchu bez nutnosti v\u011btr\u00e1n\u00ed. St\u011bny se d\u00edky tomu vysu\u0161uj\u00ed a sni\u017euje se riziko tvo\u0159en\u00ed pl\u00edsn\u00ed. Vybrat si m\u016f\u017eete <span style=\"text-decoration: underline;\">hygroskopick\u00e9 v\u011btr\u00e1ky<\/span>, kter\u00e9 automaticky reguluj\u00ed pr\u016ftok vzduchu na z\u00e1klad\u011b aktu\u00e1ln\u00ed m\u00edry vlhkosti. Dal\u0161\u00ed mo\u017enost\u00ed jsou <a href=\"https:\/\/www.hvsystem.cz\/wp-content\/uploads\/2017\/04\/cisnieniowy_2.jpg\" target=\"_blank\">tlakov\u00e9 v\u011btr\u00e1ky<\/a>, d\u00edky kter\u00fdm m\u016f\u017eete ru\u010dn\u011b nastavit mno\u017estv\u00ed propou\u0161t\u011bn\u00e9ho vzduchu. Zaji\u0161\u0165uj\u00ed cirkulaci vzduchu v m\u00edstnosti bez ohledu na zm\u011bny vlhkosti a tlaku. Jejich vyu\u017eit\u00ed je vhodn\u00e9 v m\u00edstnostech, kde se pou\u017e\u00edv\u00e1 otev\u0159en\u00fd plamen (nap\u0159. plynov\u00e9 bojlery, plynov\u00e9 oh\u0159\u00edva\u010de \u00fast\u0159edn\u00edho topen\u00ed a pod.).<\/p>\n<p>&nbsp;<\/p>\n<p><strong><a href=\"https:\/\/www.hvsystem.cz\/wp-content\/uploads\/2017\/04\/multi_power_prolux.png\"><img loading=\"lazy\" decoding=\"async\" class=\"alignright  wp-image-3941\" src=\"https:\/\/www.hvsystem.cz\/wp-content\/uploads\/2017\/04\/multi_power_prolux.png\" alt=\"multi_power_prolux\" width=\"221\" height=\"259\" srcset=\"https:\/\/www.hvsystem.cz\/wp-content\/uploads\/2017\/04\/multi_power_prolux.png 265w, https:\/\/www.hvsystem.cz\/wp-content\/uploads\/2017\/04\/multi_power_prolux-256x300.png 256w, https:\/\/www.hvsystem.cz\/wp-content\/uploads\/2017\/04\/multi_power_prolux-150x175.png 150w\" sizes=\"(max-width: 221px) 100vw, 221px\" \/><\/a>SKRYT\u00c9 PANTY<\/strong><\/p>\n<p>zaru\u010duj\u00ed jedine\u010dn\u00fd vzhled okna bez zhor\u0161en\u00ed jeho statiky. Zlep\u0161uj\u00ed t\u011bsnost okna, usnad\u0148uj\u00ed \u010di\u0161t\u011bn\u00ed, jako\u017e i mont\u00e1\u017e prvk\u016f ovl\u00e1d\u00e1n\u00ed \u017ealuzi\u00ed, rolet nebo okenic. Technick\u00e9 a funk\u010dn\u00ed \u0159e\u0161en\u00ed vyvinut\u00e9 na z\u00e1klad\u011b kov\u00e1n\u00ed Maco Multi-Matic. Dostupn\u00e9 jsou v oknech Platinium Evolution, Winergetic a Koncept pod n\u00e1zvem <a href=\"https:\/\/www.hvsystem.cz\/wp-content\/uploads\/2017\/04\/okucie-multipower.png\" target=\"_blank\">Multi Power<\/a>. Pro okenn\u00ed syst\u00e9m Prolux vyu\u017e\u00edv\u00e1me skryt\u00e9 panty Winkhaus Prolight.<\/p>\n<p>&nbsp;<\/p>\n<p>&nbsp;<\/p>\n<p>&nbsp;<\/p>\n<p>&nbsp;<\/p>\n<p>&nbsp;<\/p>\n<p><strong>ColorFULL<\/strong><\/p>\n<p><a href=\"https:\/\/www.hvsystem.cz\/wp-content\/uploads\/2017\/04\/IMG_92555_znak_wodny_oknoplast-kopia.jpg\"><img loading=\"lazy\" decoding=\"async\" class=\"alignright  wp-image-3972\" src=\"https:\/\/www.hvsystem.cz\/wp-content\/uploads\/2017\/04\/IMG_92555_znak_wodny_oknoplast-kopia-1024x682.jpg\" alt=\"IMG_92555_znak_wodny_oknoplast kopia\" width=\"284\" height=\"189\" srcset=\"https:\/\/www.hvsystem.cz\/wp-content\/uploads\/2017\/04\/IMG_92555_znak_wodny_oknoplast-kopia-1024x682.jpg 1024w, https:\/\/www.hvsystem.cz\/wp-content\/uploads\/2017\/04\/IMG_92555_znak_wodny_oknoplast-kopia-300x200.jpg 300w, https:\/\/www.hvsystem.cz\/wp-content\/uploads\/2017\/04\/IMG_92555_znak_wodny_oknoplast-kopia-150x100.jpg 150w\" sizes=\"(max-width: 284px) 100vw, 284px\" \/><\/a>Okna\u00a0<a title=\"PLASTOV\u00c1 okna Prolux\" href=\"https:\/\/www.hvsystem.cz\/?page_id=3459\" target=\"_blank\">Prolux<\/a> a Platinium Evolution v dostupnosti s technologii ColorFULL. Renolitovou f\u00f3li\u00ed s dekorem d\u0159eva jsou pokryty i ty \u010d\u00e1sti profilu, kter\u00e9 uvid\u00edte a\u017e po otev\u0159en\u00ed okenn\u00edho k\u0159\u00eddla. Italsk\u00fd stavebn\u00ed port\u00e1l edilportale ocenil colorfull jako &#8222;Nejlep\u0161\u00ed produkt&#8220; b\u011bhem mil\u00e1nsk\u00e9ho veletrhu Made Expo 2012.<\/p>\n<p>&nbsp;<\/p>\n<p>&nbsp;<\/p>\n<p>&nbsp;<\/p>\n<p>&nbsp;<\/p>\n<p><strong>ORNAMENT\u00c1LN\u00cd SKLA<\/strong><\/p>\n<p><a href=\"https:\/\/www.hvsystem.cz\/wp-content\/uploads\/2017\/04\/szyby_ornamentowe.png\"><img loading=\"lazy\" decoding=\"async\" class=\"alignright  wp-image-3948\" src=\"https:\/\/www.hvsystem.cz\/wp-content\/uploads\/2017\/04\/szyby_ornamentowe.png\" alt=\"szyby_ornamentowe\" width=\"191\" height=\"223\" srcset=\"https:\/\/www.hvsystem.cz\/wp-content\/uploads\/2017\/04\/szyby_ornamentowe.png 265w, https:\/\/www.hvsystem.cz\/wp-content\/uploads\/2017\/04\/szyby_ornamentowe-256x300.png 256w, https:\/\/www.hvsystem.cz\/wp-content\/uploads\/2017\/04\/szyby_ornamentowe-150x175.png 150w\" sizes=\"(max-width: 191px) 100vw, 191px\" \/><\/a>propou\u0161t\u011bj\u00ed sv\u011btlo, ale p\u0159itom zaru\u010duj\u00ed intimitu v\u0161ude tam, kde si to p\u0159ejete. Proto jsou vyu\u017e\u00edv\u00e1ny zejm\u00e9na v koupeln\u00e1ch, ale nap\u0159\u00edklad i ve dve\u0159\u00edch. Vrstva oxid\u016f u\u0161lechtil\u00fdch kov\u016f rozpra\u0161ovan\u00e1 na povrchu skla zvy\u0161uje izola\u010dn\u00ed vlastnosti skla a z\u00e1rove\u0148 redukuje tzv. efekt \u0161pinav\u00fdch z\u00e1clon. V nab\u00eddce r\u016fzn\u00e9 vzory<\/p>\n<p>&nbsp;<\/p>\n<p>&nbsp;<\/p>\n<p>&nbsp;<\/p>\n<p>&nbsp;<\/p>\n<p>&nbsp;<\/p>\n<p><strong>DEKORA\u010cN\u00cd M\u0158\u00cd\u017dKY<\/strong><\/p>\n<p><a href=\"https:\/\/www.hvsystem.cz\/wp-content\/uploads\/2017\/04\/wewnatrzszybowe.png\"><img loading=\"lazy\" decoding=\"async\" class=\"alignright  wp-image-3955\" src=\"https:\/\/www.hvsystem.cz\/wp-content\/uploads\/2017\/04\/wewnatrzszybowe.png\" alt=\"wewnatrzszybowe\" width=\"227\" height=\"266\" srcset=\"https:\/\/www.hvsystem.cz\/wp-content\/uploads\/2017\/04\/wewnatrzszybowe.png 265w, https:\/\/www.hvsystem.cz\/wp-content\/uploads\/2017\/04\/wewnatrzszybowe-256x300.png 256w, https:\/\/www.hvsystem.cz\/wp-content\/uploads\/2017\/04\/wewnatrzszybowe-150x175.png 150w\" sizes=\"(max-width: 227px) 100vw, 227px\" \/><\/a>meziskeln\u00ed a nalepovac\u00ed. <a href=\"https:\/\/www.hvsystem.cz\/wp-content\/uploads\/2017\/04\/21.jpg\" target=\"_blank\">Hlin\u00edkov\u00e9 meziskeln\u00ed m\u0159\u00ed\u017eky<\/a> jsou dostupn\u00e9 ve \u010dty\u0159ech z\u00e1kladn\u00edch \u0161\u00ed\u0159k\u00e1ch (8, 18, 26 a 45 mm), v <a href=\"https:\/\/www.hvsystem.cz\/wp-content\/uploads\/2017\/04\/3.jpg\" target=\"_blank\">dekorech<\/a> <a href=\"https:\/\/www.hvsystem.cz\/wp-content\/uploads\/2017\/04\/12.jpg\" target=\"_blank\">d\u0159eva<\/a> i v barv\u00e1ch RAL. Mohou b\u00fdt oh\u00fdban\u00e9 do oblouk\u016f, p\u0159\u00edpadn\u011b spojen\u00e9 v r\u016fzn\u00fdch \u00fahlech. Plastov\u00e9 nalepovac\u00ed m\u0159\u00ed\u017eky jsou dostupn\u00e9 ve t\u0159ech z\u00e1kladn\u00edch \u0161\u00ed\u0159k\u00e1ch (25, 40 a 55 mm) a jejich barevnost je slad\u011bna s okny.<\/p>\n<p>&nbsp;<\/p>\n<p>&nbsp;<\/p>\n<p>&nbsp;<\/p>\n<p>&nbsp;<\/p>\n<p>&nbsp;<\/p>\n<p>&nbsp;<\/p>\n<p><strong>POSUVN\u00c9 OKNO<\/strong><\/p>\n<p><a href=\"https:\/\/www.hvsystem.cz\/wp-content\/uploads\/2017\/04\/okno-przesuwne.jpg\"><img loading=\"lazy\" decoding=\"async\" class=\"wp-image-3913 alignleft\" src=\"https:\/\/www.hvsystem.cz\/wp-content\/uploads\/2017\/04\/okno-przesuwne.jpg\" alt=\"okno-przesuwne\" width=\"127\" height=\"191\" srcset=\"https:\/\/www.hvsystem.cz\/wp-content\/uploads\/2017\/04\/okno-przesuwne.jpg 288w, https:\/\/www.hvsystem.cz\/wp-content\/uploads\/2017\/04\/okno-przesuwne-200x300.jpg 200w, https:\/\/www.hvsystem.cz\/wp-content\/uploads\/2017\/04\/okno-przesuwne-150x225.jpg 150w\" sizes=\"(max-width: 127px) 100vw, 127px\" \/><\/a>Okno \u0161et\u0159\u00ed prostor a nevy\u017eaduje p\u0159em\u00eds\u0165ov\u00e1n\u00ed v\u011bc\u00ed \u010di n\u00e1bytku v m\u00edstnosti. Snadn\u00e9 otev\u00edr\u00e1n\u00ed, d\u00edky vod\u00edc\u00edm li\u0161t\u00e1m. Pro u\u0161et\u0159en\u00ed prostoru vhodn\u00e9 zejm\u00e9na <a href=\"https:\/\/www.hvsystem.cz\/wp-content\/uploads\/2017\/04\/inspiration_1.jpg\" target=\"_blank\">do kuchyn\u011b.<\/a><\/p>\n<p>&nbsp;<\/p>\n<p>&nbsp;<\/p>\n<p>&nbsp;<\/p>\n<p>&nbsp;<\/p>\n<p>&nbsp;<\/p>\n<p><strong>S\u00cdT\u011a PROTI HMYZU<\/strong><\/p>\n<p><a href=\"https:\/\/www.hvsystem.cz\/wp-content\/uploads\/2017\/04\/moskitiery-skuteczny-sposob-na-uciazliwe-owady-small.jpg\"><img loading=\"lazy\" decoding=\"async\" class=\"alignright wp-image-3926 \" src=\"https:\/\/www.hvsystem.cz\/wp-content\/uploads\/2017\/04\/moskitiery-skuteczny-sposob-na-uciazliwe-owady-small.jpg\" alt=\"\" width=\"225\" height=\"220\" srcset=\"https:\/\/www.hvsystem.cz\/wp-content\/uploads\/2017\/04\/moskitiery-skuteczny-sposob-na-uciazliwe-owady-small.jpg 265w, https:\/\/www.hvsystem.cz\/wp-content\/uploads\/2017\/04\/moskitiery-skuteczny-sposob-na-uciazliwe-owady-small-150x146.jpg 150w\" sizes=\"(max-width: 225px) 100vw, 225px\" \/><\/a>Ide\u00e1ln\u00ed \u0159e\u0161en\u00ed v letn\u00edm obdob\u00ed. V nab\u00eddce najdete s\u00edt\u011b ze skeln\u00e9ho vl\u00e1kna pota\u017een\u00e9 plastem pro dlouhou \u017eivotnost s hlin\u00edkov\u00fdm r\u00e1mem, kter\u00e9 jsou provedeny <a href=\"https:\/\/www.hvsystem.cz\/wp-content\/uploads\/2017\/04\/11.jpg\" target=\"_blank\">v dekorech d\u0159eva<\/a> \u010di barv\u00e1ch RAL. Kvalitn\u00ed r\u00e1m zaru\u010duje trval\u00e9 vypnut\u00ed s\u00ed\u0165oviny a odol\u00e1v\u00e1 nep\u0159\u00edzniv\u00fdm klimatick\u00fdm podm\u00ednk\u00e1m. S\u00ed\u0165 je mo\u017en\u00e9 na zimu odmontovat a kdykoli snadno znovu nasadit. Mont\u00e1\u017e je vhodn\u00e1 i na balkonov\u00e9 dve\u0159e.<\/p>\n<p>&nbsp;<\/p>\n<p>&nbsp;<\/p>\n<p>&nbsp;<\/p>\n<p>&nbsp;<\/p>\n<p>&nbsp;<\/p>\n<p><strong>Trojsklo 4 Xglass<\/strong><\/p>\n<p>Zlep\u0161enou tepelnou izolaci (Ug = 0,5 W\/m\u00b2K) &#8211; sklen\u011bn\u00e9 tabule s modern\u00edmi n\u00edzkoemisn\u00fdmi povlaky sni\u017euje tepeln\u00e9 ztr\u00e1ty.<\/p>\n<p>Vy\u0161\u0161\u00ed propustnost sv\u011btla -vysok\u00e1 hodnota koeficientu propustnosti slune\u010dn\u00ed energie pro zm\u011bnu umo\u017e\u0148uje z\u00edsk\u00e1v\u00e1n\u00ed tepla na oh\u0159\u00edv\u00e1n\u00ed interi\u00e9ru<\/p>\n<p>Vylep\u0161enou zvukovou izolaci.<\/p>\n<p>Mo\u017enost realizace velk\u00fdch prosklen\u00fdch ploch<\/p>\n<p><a href=\"https:\/\/www.hvsystem.cz\/wp-content\/uploads\/2017\/04\/Letak-sklo-4xglass-2015.jpg\" target=\"_blank\">Trojsklo 4 Xglass<\/a> najdete ve standardn\u00ed v\u00fdbav\u011b oken Winergetic Premium a Platinium Evolution.<\/p>\n<p><strong>WARMATEC<\/strong><\/p>\n<p><a href=\"https:\/\/www.hvsystem.cz\/wp-content\/uploads\/2017\/04\/warmatec.png\"><img loading=\"lazy\" decoding=\"async\" class=\"alignright  wp-image-3936\" src=\"https:\/\/www.hvsystem.cz\/wp-content\/uploads\/2017\/04\/warmatec.png\" alt=\"warmatec\" width=\"270\" height=\"198\" srcset=\"https:\/\/www.hvsystem.cz\/wp-content\/uploads\/2017\/04\/warmatec.png 396w, https:\/\/www.hvsystem.cz\/wp-content\/uploads\/2017\/04\/warmatec-300x219.png 300w, https:\/\/www.hvsystem.cz\/wp-content\/uploads\/2017\/04\/warmatec-150x109.png 150w\" sizes=\"(max-width: 270px) 100vw, 270px\" \/><\/a>Distan\u010dn\u00ed r\u00e1me\u010dek Warmatec \u00a0je izola\u010dn\u00ed r\u00e1me\u010dek pro zlep\u0161en\u00ed tepeln\u00e9 izolace okna. Sni\u017euje vlhkost a ro\u0161en\u00ed skla. Dostupn\u00fd v barv\u00e1ch barv\u00e1ch \u010dern\u00e9, hn\u011bd\u00e9 a \u0161ed\u00e9 je vyroben\u00fd ze dvou materi\u00e1l\u016f, doln\u00ed \u010d\u00e1st je z u\u0161lechtil\u00e9 oceli a horn\u00ed z plastu. Warmatec je mo\u017en\u00e9 aplikovat ve v\u0161ech druz\u00edch oken Oknoplast.<\/p>\n<p>&nbsp;<\/p>\n<p>&nbsp;<\/p>\n<p>&nbsp;<\/p>\n<p>&nbsp;<\/p>\n<p><strong>T\u011aSN\u011aN\u00cd<\/strong><\/p>\n<p><a href=\"https:\/\/www.hvsystem.cz\/wp-content\/uploads\/2017\/04\/uszczelki.png\"><img loading=\"lazy\" decoding=\"async\" class=\"wp-image-3939 alignleft\" src=\"https:\/\/www.hvsystem.cz\/wp-content\/uploads\/2017\/04\/uszczelki.png\" alt=\"uszczelki\" width=\"197\" height=\"230\" srcset=\"https:\/\/www.hvsystem.cz\/wp-content\/uploads\/2017\/04\/uszczelki.png 265w, https:\/\/www.hvsystem.cz\/wp-content\/uploads\/2017\/04\/uszczelki-256x300.png 256w, https:\/\/www.hvsystem.cz\/wp-content\/uploads\/2017\/04\/uszczelki-150x175.png 150w\" sizes=\"(max-width: 197px) 100vw, 197px\" \/><\/a>Na druhu okna z\u00e1vis\u00ed po\u010det t\u011bsn\u011bn\u00ed, kter\u00e9 jsou vyrobeny z materi\u00e1l\u016f EPDM, TPE a vyzna\u010duj\u00ed se vysokou odolnost\u00ed v\u016f\u010di nep\u0159\u00edzniv\u00fdm atmosf\u00e9rick\u00fdm vliv\u016fm, vlhosti, vodn\u00ed p\u00e1\u0159e nebo UV z\u00e1\u0159en\u00ed, udr\u017euj\u00ed vysokou pru\u017enost i p\u0159i extr\u00e9mn\u00edm v\u00fdkyvu teplot. Dostupn\u00e9 jsou ve t\u0159ech barv\u00e1ch \u010dern\u00e9, hn\u011bd\u00e9 a \u0161ed\u00e9, d\u00edky \u010demu je barevnost t\u011bsn\u011bn\u00ed esteticky slad\u011bna s barvou okna.<\/p>\n<p>&nbsp;<\/p>\n<p>&nbsp;<\/p>\n<p>&nbsp;<\/p>\n<p>&nbsp;<\/p>\n<p>&nbsp;<\/p>\n<p><strong>Kov\u00e1n\u00ed ve t\u0159\u00edd\u011b RC1 a RC2<\/strong><\/p>\n<p><a href=\"https:\/\/www.hvsystem.cz\/wp-content\/uploads\/2017\/04\/rc2.jpg\"><img loading=\"lazy\" decoding=\"async\" class=\"wp-image-3963 aligncenter\" src=\"https:\/\/www.hvsystem.cz\/wp-content\/uploads\/2017\/04\/rc2.jpg\" alt=\"rc2\" width=\"459\" height=\"202\" srcset=\"https:\/\/www.hvsystem.cz\/wp-content\/uploads\/2017\/04\/rc2.jpg 761w, https:\/\/www.hvsystem.cz\/wp-content\/uploads\/2017\/04\/rc2-300x132.jpg 300w, https:\/\/www.hvsystem.cz\/wp-content\/uploads\/2017\/04\/rc2-150x66.jpg 150w\" sizes=\"(max-width: 459px) 100vw, 459px\" \/><\/a>U dom\u016f se zv\u00fd\u0161en\u00fdm rizikem vloup\u00e1n\u00ed je vhodn\u00e9 zn\u00e1sobit ochranu p\u0159\u00eddavn\u00fdmi bezpe\u010dnostn\u00edmi prvky v souladu s evropskou normou, kter\u00e1 vymezuje t\u0159\u00eddy odolnosti proti vloup\u00e1n\u00ed RC, \u010d\u00edm vy\u0161\u0161\u00ed t\u0159\u00edda, t\u00edm v\u011bt\u0161\u00ed je m\u00edra zabezpe\u010den\u00ed. V p\u0159\u00edpad\u011b <a href=\"https:\/\/www.hvsystem.cz\/wp-content\/uploads\/2017\/04\/rc1.jpg\" target=\"_blank\">t\u0159\u00eddy RC1<\/a> jsou v okn\u011b montov\u00e1ny dodate\u010dn\u00e9 prvky kov\u00e1n\u00ed (bezpe\u010dnostn\u00ed uz\u00e1v\u011bry) pro zaji\u0161t\u011bn\u00ed ka\u017ed\u00e9ho rohu okenn\u00edho k\u0159\u00eddla, p\u0159i\u010dem\u017e <a href=\"https:\/\/www.hvsystem.cz\/wp-content\/uploads\/2017\/04\/2.jpg\" target=\"_blank\">klika je vybavena kl\u00ed\u010dem<\/a>. <a href=\"https:\/\/www.hvsystem.cz\/wp-content\/uploads\/2017\/04\/rc2.jpg\" target=\"_blank\">T\u0159\u00edda RC2<\/a> stanov\u00ed n\u00e1roky na zv\u00fd\u0161en\u00e9 zabezpe\u010den\u00ed v p\u0159\u00edpad\u011b n\u00edsiln\u00e9ho vniknut\u00ed \u0161roubov\u00e1kem, kle\u0161t\u011bmi nebo p\u00e1\u010didlem. Krom\u011b zaji\u0161t\u011bn\u00ed ka\u017ed\u00e9ho rohu a kliky s kl\u00ed\u010dem vy\u017eaduje nav\u00edc <a href=\"https:\/\/www.hvsystem.cz\/wp-content\/uploads\/2017\/04\/Letak-sklo-4xglass-2015.jpg\" target=\"_blank\">zasklen\u00ed bezpe\u010dnostn\u00edch skel P4<\/a> a vlepen\u00e9 zaskl\u00edvac\u00ed li\u0161ty.\u00a0Skla proti vloup\u00e1n\u00ed se vyr\u00e1b\u011bj\u00ed plo\u0161n\u00fdm spojen\u00edm dvou sklen\u011bn\u00fdch tabul\u00ed tlou\u0161\u0165ky 4 mm a dvou (P2) nebo \u010dty\u0159 (P4) vrstev f\u00f3lie PVB. Kalen\u00e9 sklo a vrstvy folie jsou odoln\u00e9 proti v\u00edcen\u00e1sobn\u00e9mu \u00faderu a zaji\u0161\u0165uje ochranu p\u0159ed ostr\u00fdmi st\u0159epy po rozbit\u00ed okna. Sklo je tak zna\u010dn\u011b odoln\u011bj\u0161\u00ed proti prasknut\u00ed. Pokud p\u0159ece jen dojde k jeho rozbit\u00ed, rozpadne se na mal\u00e9 tup\u00e9 st\u0159epy, kter\u00e9 nezp\u016fsob\u00ed \u0159ezn\u00e1 poran\u011bn\u00ed.<\/p>\n<p>&nbsp;<\/p>\n<p>&nbsp;<\/p>\n<p><strong>SPACE BLOCK<\/strong><\/p>\n<p><a href=\"https:\/\/www.hvsystem.cz\/wp-content\/uploads\/2017\/04\/space_block.jpg\"><img loading=\"lazy\" decoding=\"async\" class=\"alignright  wp-image-3945\" src=\"https:\/\/www.hvsystem.cz\/wp-content\/uploads\/2017\/04\/space_block.jpg\" alt=\"space_block\" width=\"175\" height=\"205\" srcset=\"https:\/\/www.hvsystem.cz\/wp-content\/uploads\/2017\/04\/space_block.jpg 265w, https:\/\/www.hvsystem.cz\/wp-content\/uploads\/2017\/04\/space_block-256x300.jpg 256w, https:\/\/www.hvsystem.cz\/wp-content\/uploads\/2017\/04\/space_block-150x175.jpg 150w\" sizes=\"(max-width: 175px) 100vw, 175px\" \/><\/a>inovace izola\u010dn\u011b-tepeln\u00fdch vlastnost\u00ed okna je spojen\u00ed dvou termick\u00fdch bari\u00e9r \u2013 vrstvy polyuretanov\u00e9 p\u011bny v k\u0159\u00eddle a aerogelu v r\u00e1mu. D\u00edky tomu vyr\u00e1b\u00ed Oknoplast okna <a title=\"PLASTOV\u00c1 okna Winergetic Premium Passive\" href=\"https:\/\/www.hvsystem.cz\/?page_id=3451\" target=\"_blank\">Winergetic Premium Passive<\/a>, kter\u00e9 spl\u0148uj\u00ed krit\u00e9ria pro pasivn\u00ed stavby, co\u017e certifik\u00e1tem potvrdil i renomovan\u00fd n\u011bmeck\u00fd institut ift Rosenheim.<\/p>\n<p>&nbsp;<\/p>\n<p>&nbsp;<\/p>\n<p>&nbsp;<\/p>\n<p>&nbsp;<\/p>\n<p><strong>HLIN\u00cdKOV\u00c9 KRYTY<\/strong><\/p>\n<p><a href=\"https:\/\/www.hvsystem.cz\/wp-content\/uploads\/2017\/04\/nakladka2.png\"><img loading=\"lazy\" decoding=\"async\" class=\"alignright  wp-image-3951\" src=\"https:\/\/www.hvsystem.cz\/wp-content\/uploads\/2017\/04\/nakladka2.png\" alt=\"nakladka2\" width=\"204\" height=\"253\" srcset=\"https:\/\/www.hvsystem.cz\/wp-content\/uploads\/2017\/04\/nakladka2.png 730w, https:\/\/www.hvsystem.cz\/wp-content\/uploads\/2017\/04\/nakladka2-241x300.png 241w, https:\/\/www.hvsystem.cz\/wp-content\/uploads\/2017\/04\/nakladka2-300x372.png 300w, https:\/\/www.hvsystem.cz\/wp-content\/uploads\/2017\/04\/nakladka2-150x186.png 150w\" sizes=\"(max-width: 204px) 100vw, 204px\" \/><\/a>pro zv\u00fd\u0161een\u00ed odolnosti oken si m\u016f\u017eete vybrat mo\u017enost opl\u00e1\u0161t\u011bn\u00ed venkovn\u00ed \u010d\u00e1st\u00ed plastov\u00e9ho profilu hlin\u00edkov\u00fdmi kryty, kter\u00e9 pohlcuj\u00ed teplo vznikaj\u00edc\u00ed p\u0159i nadm\u011brn\u00e9m nah\u0159\u00edv\u00e1n\u00ed na slune\u010dn\u00ed stran\u011b, co\u017e chr\u00e1n\u00ed profil p\u0159ed po\u0161kozen\u00edm a deformac\u00ed. Hlin\u00edkov\u00e9 kryty jsou dostupn\u00e9 v oknech <a title=\"PLASTOV\u00c1 okna Koncept\" href=\"https:\/\/www.hvsystem.cz\/?page_id=3462\" target=\"_blank\">Koncept<\/a> a <a title=\"PLASTOV\u00c1 okna Winergetic Premium\" href=\"https:\/\/www.hvsystem.cz\/?page_id=3456\" target=\"_blank\">Winergetic Standard.<\/a><\/p>\n<p>&nbsp;<\/p>\n<p>&nbsp;<\/p>\n<p>&nbsp;<\/p>\n<p>&nbsp;<\/p>\n<p>&nbsp;<\/p>\n<p><strong>TWIN FIT\u00a0<\/strong><\/p>\n<p><a href=\"https:\/\/www.hvsystem.cz\/wp-content\/uploads\/2017\/04\/twin-fit.png\"><img loading=\"lazy\" decoding=\"async\" class=\"wp-image-3928  alignleft\" src=\"https:\/\/www.hvsystem.cz\/wp-content\/uploads\/2017\/04\/twin-fit.png\" alt=\"\" width=\"308\" height=\"226\" srcset=\"https:\/\/www.hvsystem.cz\/wp-content\/uploads\/2017\/04\/twin-fit.png 396w, https:\/\/www.hvsystem.cz\/wp-content\/uploads\/2017\/04\/twin-fit-300x219.png 300w, https:\/\/www.hvsystem.cz\/wp-content\/uploads\/2017\/04\/twin-fit-150x109.png 150w\" sizes=\"(max-width: 308px) 100vw, 308px\" \/><\/a><a href=\"https:\/\/www.hvsystem.cz\/wp-content\/uploads\/2017\/04\/twin-fit1.jpg\" target=\"_blank\">Twin FIT<\/a> je kov\u00e1n\u00ed, kter\u00e9 je mo\u017en\u00e9 dodat do \u0161tulpov\u00fdch oken (v oknech s pohybliv\u00fdm sloupkem), kter\u00fd umo\u017e\u0148uje<a href=\"https:\/\/www.hvsystem.cz\/wp-content\/uploads\/2017\/04\/twin-fit.jpg\" target=\"_blank\"> sklopen\u00ed dvou k\u0159\u00eddel sou\u010dasn\u011b za pomoc\u00ed jedn\u00e9 kliky.<\/a> Usnad\u0148uje to v\u011btr\u00e1n\u00ed dom\u00e1cnosti bez nutnosti otev\u0159en\u00ed okenn\u00edch k\u0159\u00eddel.<\/p>\n<p>&nbsp;<\/p>\n<p>&nbsp;<\/p>\n<p>&nbsp;<\/p>\n<p>&nbsp;<\/p>\n<p>&nbsp;<\/p>\n<p><strong>Zav\u00edr\u00e1n\u00ed WIN CLIC<\/strong><\/p>\n<p><a href=\"https:\/\/www.hvsystem.cz\/wp-content\/uploads\/2017\/04\/win-click.png\"><img loading=\"lazy\" decoding=\"async\" class=\"alignright wp-image-3932 \" src=\"https:\/\/www.hvsystem.cz\/wp-content\/uploads\/2017\/04\/win-click.png\" alt=\"\" width=\"340\" height=\"249\" srcset=\"https:\/\/www.hvsystem.cz\/wp-content\/uploads\/2017\/04\/win-click.png 396w, https:\/\/www.hvsystem.cz\/wp-content\/uploads\/2017\/04\/win-click-300x219.png 300w, https:\/\/www.hvsystem.cz\/wp-content\/uploads\/2017\/04\/win-click-150x109.png 150w\" sizes=\"(max-width: 340px) 100vw, 340px\" \/><\/a>Tento syst\u00e9m s elegantn\u00edm <a href=\"https:\/\/www.hvsystem.cz\/wp-content\/uploads\/2017\/04\/1-e1493154859245.jpg\" target=\"_blank\">hlin\u00edkov\u00fdm madlem<\/a> umo\u017e\u0148uje zaklapnout balkonov\u00e9 dve\u0159e z venku a chr\u00e1n\u00ed p\u0159ed pr\u016fvanem.<\/p>\n<p>&nbsp;<\/p>\n<p>&nbsp;<\/p>\n","protected":false},"excerpt":{"rendered":"<p>KLIKY Krom\u011b okenn\u00edch klik dESIGN+\u00a0 v nab\u00eddce klika secustic s kl\u00ed\u010dkem nebo odn\u00edmateln\u00e1.Klika dESIGN+ byla vyvinuta ve spolupr\u00e1ci s rakousk\u00fdm projektov\u00fdm studiem KISKA a najdete [&hellip;]<\/p>\n","protected":false},"author":1,"featured_media":0,"parent":0,"menu_order":0,"comment_status":"open","ping_status":"open","template":"","meta":{"footnotes":""},"_links":{"self":[{"href":"https:\/\/www.hvsystem.cz\/index.php?rest_route=\/wp\/v2\/pages\/3891"}],"collection":[{"href":"https:\/\/www.hvsystem.cz\/index.php?rest_route=\/wp\/v2\/pages"}],"about":[{"href":"https:\/\/www.hvsystem.cz\/index.php?rest_route=\/wp\/v2\/types\/page"}],"author":[{"embeddable":true,"href":"https:\/\/www.hvsystem.cz\/index.php?rest_route=\/wp\/v2\/users\/1"}],"replies":[{"embeddable":true,"href":"https:\/\/www.hvsystem.cz\/index.php?rest_route=%2Fwp%2Fv2%2Fcomments&post=3891"}],"version-history":[{"count":48,"href":"https:\/\/www.hvsystem.cz\/index.php?rest_route=\/wp\/v2\/pages\/3891\/revisions"}],"predecessor-version":[{"id":3974,"href":"https:\/\/www.hvsystem.cz\/index.php?rest_route=\/wp\/v2\/pages\/3891\/revisions\/3974"}],"wp:attachment":[{"href":"https:\/\/www.hvsystem.cz\/index.php?rest_route=%2Fwp%2Fv2%2Fmedia&parent=3891"}],"curies":[{"name":"wp","href":"https:\/\/api.w.org\/{rel}","templated":true}]}}