{"id":3987,"date":"2019-02-23T00:01:31","date_gmt":"2019-02-22T23:01:31","guid":{"rendered":"http:\/\/www.hvsystem.cz\/?page_id=3987"},"modified":"2019-02-23T00:04:59","modified_gmt":"2019-02-22T23:04:59","slug":"gdpr","status":"publish","type":"page","link":"https:\/\/www.hvsystem.cz\/?page_id=3987","title":{"rendered":"GDPR"},"content":{"rendered":"<header>\n<h1>Prohl\u00e1\u0161en\u00ed o\u00a0z\u00e1sad\u00e1ch ochrany osobn\u00edch \u00fadaj\u016f<\/h1>\n<\/header>\n<div>\n<p>Ochrana va\u0161ich osobn\u00edch \u00fadaj\u016f je pro n\u00e1s velmi d\u016fle\u017eit\u00e1, a\u00a0proto pln\u011b prob\u00edh\u00e1 v\u00a0souladu s\u00a0Obecn\u00fdm na\u0159\u00edzen\u00edm o\u00a0ochran\u011b osobn\u00edch \u00fadaj\u016f \u2013 Na\u0159\u00edzen\u00edm Evropsk\u00e9ho parlamentu a\u00a0rady (EU) 2016\/679 ze dne 27.4.2016. Obavy m\u00edt nemus\u00edte. Va\u0161e \u00fadaje jsou u\u00a0n\u00e1s v\u00a0bezpe\u010d\u00ed a\u00a0nebudou nikdy poskytnuty t\u0159et\u00ed stran\u011b.<\/p>\n<h2>Kdo bude shroma\u017e\u010fovat va\u0161e osobn\u00ed \u00fadaje?<\/h2>\n<p>Michael Vlad\u00edk jednatel firmy HV System Plus s.r.o.<\/p>\n<p>Respektujeme va\u0161e soukrom\u00ed a\u0165 se jedn\u00e1 o\u00a0jakoukoliv informaci, kterou m\u016f\u017eeme ukl\u00e1dat p\u0159i\u00a0provozu na\u0161ich str\u00e1nek.<\/p>\n<h2>Rozsah zpracov\u00e1n\u00ed osobn\u00edch \u00fadaj\u016f<\/h2>\n<p>Va\u0161e osobn\u00ed \u00fadaje z\u00edsk\u00e1v\u00e1me, pokud:<\/p>\n<ul>\n<li>n\u00e1s kontaktujete prost\u0159ednictv\u00edm webov\u00fdch str\u00e1nek,<\/li>\n<li>n\u00e1m po\u0161lete popt\u00e1vku na na\u0161e slu\u017eby,<\/li>\n<li>n\u00e1m \u00fadaje sami poskytnete e-mailem, telefonicky nebo jin\u00fdm zp\u016fsobem.<\/li>\n<\/ul>\n<p>Zpracov\u00e1v\u00e1me tyto \u00fadaje:<\/p>\n<ul>\n<li>jm\u00e9no a\u00a0p\u0159\u00edjmen\u00ed nebo obchodn\u00ed firma,<\/li>\n<li>telefonn\u00ed \u010d\u00edslo,<\/li>\n<li>e-mailov\u00e1 adresa,<\/li>\n<li>IP adresa,<\/li>\n<li>identifikace prohl\u00ed\u017ee\u010de, opera\u010dn\u00edho syst\u00e9mu a\u00a0dal\u0161\u00ed informace pro anal\u00fdzu n\u00e1v\u0161t\u011bvnosti,<\/li>\n<li>cookies.<\/li>\n<\/ul>\n<h2>\u00da\u010dely zpracov\u00e1n\u00ed a\u00a0jejich pr\u00e1vn\u00ed z\u00e1klad<\/h2>\n<h3>Pln\u011bn\u00ed smlouvy<\/h3>\n<p>\u00dadaje, kter\u00e9 n\u00e1m poskytujete, pou\u017e\u00edv\u00e1me k\u00a0tomu, abychom v\u00e1s kontaktovali zp\u011bt s\u00a0odpov\u011bd\u00ed na va\u0161e po\u017eadavky pro \u00fa\u010dely pln\u011bn\u00ed smlouvy, vy\u0159\u00edzen\u00ed va\u0161ich objedn\u00e1vek.<\/p>\n<p>Ve\u0161ker\u00e9 osobn\u00ed \u00fadaje jsou zpracov\u00e1ny z\u00e1konn\u00fdm a\u00a0transparentn\u00edm zp\u016fsobem a\u00a0jsou vy\u017eadov\u00e1ny pouze p\u0159im\u011b\u0159en\u00e9, relevantn\u00ed a\u00a0nezbytn\u00e9 \u00fadaje ve vztahu k\u00a0\u00fa\u010delu zpracov\u00e1n\u00ed.<\/p>\n<h3>Kontaktn\u00ed formul\u00e1\u0159e\u00a0(opr\u00e1vn\u011bn\u00fd z\u00e1jem)<\/h3>\n<p>Na na\u0161ich str\u00e1nk\u00e1ch najdete kontaktn\u00ed formul\u00e1\u0159e, kter\u00e9 slou\u017e\u00ed pro popt\u00e1n\u00ed na\u0161ich slu\u017eeb nebo pro zasl\u00e1n\u00ed dotazu \u010di\u00a0jin\u00e9 informace. Tyto formul\u00e1\u0159e sb\u00edraj\u00ed osobn\u00ed data pouze za \u00fa\u010delem zp\u011btn\u00e9ho kontaktov\u00e1n\u00ed s\u00a0odpov\u011bd\u00ed.<\/p>\n<h3>Cookies\u00a0(opr\u00e1vn\u011bn\u00fd z\u00e1jem)<\/h3>\n<p>Standardn\u00ed webov\u00e9 prohl\u00ed\u017ee\u010de (Internet Explorer, Mozilla Firefox, Google Chrome apod.) podporuj\u00ed spr\u00e1vu cookies. V\u00a0r\u00e1mci nastaven\u00ed prohl\u00ed\u017ee\u010d\u016f m\u016f\u017eete jednotliv\u00e9 cookie ru\u010dn\u011b mazat, blokovat \u010di\u00a0zcela zak\u00e1zat jejich pou\u017eit\u00ed, lze je tak\u00e9 blokovat nebo povolit jen pro jednotliv\u00e9 internetov\u00e9 str\u00e1nky. Pro detailn\u011bj\u0161\u00ed informace pros\u00edm pou\u017eijte n\u00e1pov\u011bdu va\u0161eho prohl\u00ed\u017ee\u010de. Pokud bude m\u00edt v\u00e1\u0161 prohl\u00ed\u017ee\u010d pou\u017eit\u00ed cookies povoleno, budeme vych\u00e1zet z\u00a0toho, \u017ee souhlas\u00edte s\u00a0vyu\u017e\u00edv\u00e1n\u00edm standardn\u00edch cookies ze strany na\u0161eho serveru.<\/p>\n<p><a title=\"https:\/\/support.google.com\/chrome\/answer\/95647?hl=cs&amp;hlrm=cz\" href=\"https:\/\/support.google.com\/chrome\/answer\/95647?hl=cs&amp;hlrm=cz\" target=\"_blank\" rel=\"noopener\">Google<\/a>, <a href=\"https:\/\/help.opera.com\/cs\/Windows\/9.64\/cs\/cookies.html\" target=\"_blank\" rel=\"noopener\">Opera<\/a>, <a href=\"https:\/\/support.mozilla.org\/cs\/kb\/povoleni-zakazani-cookies\" target=\"_blank\" rel=\"noopener\">Firefox<\/a>, <a href=\"https:\/\/support.apple.com\/cs-cz\/HT201265\" target=\"_blank\" rel=\"noopener\">Safari<\/a>,\u00a0<a href=\"https:\/\/support.microsoft.com\/cs-cz\/hub\/4338813\/windows-help#1TC=windows-7\" target=\"_blank\" rel=\"noopener\">MSIE<\/a><\/p>\n<h2>Jak\u00e9 m\u00e1te pr\u00e1va?<\/h2>\n<p>M\u016f\u017eete po\u017e\u00e1dat o\u00a0odstran\u011bn\u00ed ve\u0161ker\u00fdch osobn\u00edch \u00fadaj\u016f, kter\u00e9 o\u00a0v\u00e1s uchov\u00e1v\u00e1me. Tato mo\u017enost nezahrnuje \u00fadaje, kter\u00e9 jsme povinni uchov\u00e1vat z\u00a0administrativn\u00edch, pr\u00e1vn\u00edch nebo bezpe\u010dnostn\u00edch d\u016fvod\u016f.<\/p>\n<h2>Kontaktn\u00ed \u00fadaje<\/h2>\n<p>Pokud m\u00e1te ot\u00e1zku ohledn\u011b p\u0159\u00edstupu nebo oprav\u011b va\u0161ich osobn\u00edch dat, pros\u00edm, kontaktujte n\u00e1s tel: 602 240 930<\/p>\n<\/div>\n","protected":false},"excerpt":{"rendered":"<p>Prohl\u00e1\u0161en\u00ed o\u00a0z\u00e1sad\u00e1ch ochrany osobn\u00edch \u00fadaj\u016f Ochrana va\u0161ich osobn\u00edch \u00fadaj\u016f je pro n\u00e1s velmi d\u016fle\u017eit\u00e1, a\u00a0proto pln\u011b prob\u00edh\u00e1 v\u00a0souladu s\u00a0Obecn\u00fdm na\u0159\u00edzen\u00edm o\u00a0ochran\u011b osobn\u00edch \u00fadaj\u016f \u2013 Na\u0159\u00edzen\u00edm [&hellip;]<\/p>\n","protected":false},"author":1,"featured_media":0,"parent":0,"menu_order":0,"comment_status":"closed","ping_status":"closed","template":"","meta":{"footnotes":""},"_links":{"self":[{"href":"https:\/\/www.hvsystem.cz\/index.php?rest_route=\/wp\/v2\/pages\/3987"}],"collection":[{"href":"https:\/\/www.hvsystem.cz\/index.php?rest_route=\/wp\/v2\/pages"}],"about":[{"href":"https:\/\/www.hvsystem.cz\/index.php?rest_route=\/wp\/v2\/types\/page"}],"author":[{"embeddable":true,"href":"https:\/\/www.hvsystem.cz\/index.php?rest_route=\/wp\/v2\/users\/1"}],"replies":[{"embeddable":true,"href":"https:\/\/www.hvsystem.cz\/index.php?rest_route=%2Fwp%2Fv2%2Fcomments&post=3987"}],"version-history":[{"count":4,"href":"https:\/\/www.hvsystem.cz\/index.php?rest_route=\/wp\/v2\/pages\/3987\/revisions"}],"predecessor-version":[{"id":3992,"href":"https:\/\/www.hvsystem.cz\/index.php?rest_route=\/wp\/v2\/pages\/3987\/revisions\/3992"}],"wp:attachment":[{"href":"https:\/\/www.hvsystem.cz\/index.php?rest_route=%2Fwp%2Fv2%2Fmedia&parent=3987"}],"curies":[{"name":"wp","href":"https:\/\/api.w.org\/{rel}","templated":true}]}}